{"id":681,"date":"2022-12-05T21:00:08","date_gmt":"2022-12-05T21:00:08","guid":{"rendered":"https:\/\/seifdesign.ee\/?post_type=product&#038;p=681"},"modified":"2026-04-03T19:18:56","modified_gmt":"2026-04-03T19:18:56","slug":"must-susi","status":"publish","type":"product","link":"https:\/\/seifdesign.ee\/en\/product\/must-susi\/","title":{"rendered":"Must S\u00fcsi"},"content":{"rendered":"<p>Must S\u00fcsi on metallist kaarditasku, mille disainis kasutame naturaalset kiltkivi. Kiltkivi on tekkinud s\u00fcgaval maap\u00f5ues miljonite aastate jooksul savist, vulkaanilisest tuhast ja teistest peene struktuuriga kivimitest. Meie toode on minimalistlik, unikaalne ja loodusl\u00e4hedane ning see on pakendatud t\u00e4ielikult looduss\u00f5bralike materjalidega.<\/p>\n<p><strong>Mahutab mugavalt 12 kaarti<\/strong><\/p>\n<p><strong>Tasuta tarne alates 30\u20ac<\/strong><\/p>\n<p><strong>Viipevarguse kaitse<\/strong><\/p>\n<p><strong>Toodetud Eestis<\/strong><\/p>\n<p><strong>9 x 5,5 x 1,5cm<\/strong><\/p>","protected":false},"excerpt":{"rendered":"<p style=\"text-align: center;\">Must S\u00fcsi on inspireeritud uinuva laagriplatsi veel h\u00f5\u00f5guvast tuleasemest.<\/p>","protected":false},"featured_media":695,"template":"","meta":{"_monsterinsights_skip_tracking":false,"_monsterinsights_sitenote_active":false,"_monsterinsights_sitenote_note":"","_monsterinsights_sitenote_category":0,"site-sidebar-layout":"default","site-content-layout":"default","ast-site-content-layout":"default","site-content-style":"default","site-sidebar-style":"default","ast-global-header-display":"","ast-banner-title-visibility":"","ast-main-header-display":"","ast-hfb-above-header-display":"","ast-hfb-below-header-display":"","ast-hfb-mobile-header-display":"","site-post-title":"","ast-breadcrumbs-content":"","ast-featured-img":"","footer-sml-layout":"","ast-disable-related-posts":"","theme-transparent-header-meta":"default","adv-header-id-meta":"","stick-header-meta":"","header-above-stick-meta":"","header-main-stick-meta":"","header-below-stick-meta":"","astra-migrate-meta-layouts":"set","ast-page-background-enabled":"default","ast-page-background-meta":{"desktop":{"background-color":"var(--ast-global-color-4)","background-image":"","background-repeat":"repeat","background-position":"center center","background-size":"auto","background-attachment":"scroll","background-type":"","background-media":"","overlay-type":"","overlay-color":"","overlay-opacity":"","overlay-gradient":""},"tablet":{"background-color":"","background-image":"","background-repeat":"repeat","background-position":"center center","background-size":"auto","background-attachment":"scroll","background-type":"","background-media":"","overlay-type":"","overlay-color":"","overlay-opacity":"","overlay-gradient":""},"mobile":{"background-color":"","background-image":"","background-repeat":"repeat","background-position":"center center","background-size":"auto","background-attachment":"scroll","background-type":"","background-media":"","overlay-type":"","overlay-color":"","overlay-opacity":"","overlay-gradient":""}},"ast-content-background-meta":{"desktop":{"background-color":"var(--ast-global-color-5)","background-image":"","background-repeat":"repeat","background-position":"center center","background-size":"auto","background-attachment":"scroll","background-type":"","background-media":"","overlay-type":"","overlay-color":"","overlay-opacity":"","overlay-gradient":""},"tablet":{"background-color":"var(--ast-global-color-5)","background-image":"","background-repeat":"repeat","background-position":"center center","background-size":"auto","background-attachment":"scroll","background-type":"","background-media":"","overlay-type":"","overlay-color":"","overlay-opacity":"","overlay-gradient":""},"mobile":{"background-color":"var(--ast-global-color-5)","background-image":"","background-repeat":"repeat","background-position":"center center","background-size":"auto","background-attachment":"scroll","background-type":"","background-media":"","overlay-type":"","overlay-color":"","overlay-opacity":"","overlay-gradient":""}}},"product_brand":[],"product_cat":[21],"product_tag":[],"class_list":{"0":"post-681","1":"product","2":"type-product","3":"status-publish","4":"has-post-thumbnail","6":"product_cat-kaarditasku","7":"desktop-align-left","8":"tablet-align-left","9":"mobile-align-left","11":"first","12":"instock","13":"shipping-taxable","14":"purchasable","15":"product-type-variable","16":"has-default-attributes"},"yoast_head":"<!-- This site is optimized with the Yoast SEO Premium plugin v19.1 (Yoast SEO v27.4) - https:\/\/yoast.com\/product\/yoast-seo-premium-wordpress\/ -->\n<title>Must S\u00fcsi - Kivist Kaarditasku - Seif Design<\/title>\n<meta name=\"description\" content=\"Must S\u00fcsi on kivistdisainiga kaarditasku, mis on ideaalne kink k\u00f5igile. Hoia oma kaarte kergesti k\u00e4tte saadaval meie praktilise ja stiilse rahakotiga.\" \/>\n<meta name=\"robots\" content=\"index, follow, max-snippet:-1, max-image-preview:large, max-video-preview:-1\" \/>\n<link rel=\"canonical\" href=\"https:\/\/seifdesign.ee\/en\/product\/must-susi\/\" \/>\n<meta property=\"og:locale\" content=\"en_GB\" \/>\n<meta property=\"og:type\" content=\"article\" \/>\n<meta property=\"og:title\" content=\"Must S\u00fcsi\" \/>\n<meta property=\"og:description\" content=\"Must S\u00fcsi on kivistdisainiga kaarditasku, mis on ideaalne kink k\u00f5igile. Hoia oma kaarte kergesti k\u00e4tte saadaval meie praktilise ja stiilse rahakotiga.\" \/>\n<meta property=\"og:url\" content=\"https:\/\/seifdesign.ee\/en\/product\/must-susi\/\" \/>\n<meta property=\"og:site_name\" content=\"Seif Design\" \/>\n<meta property=\"article:publisher\" content=\"https:\/\/www.facebook.com\/seifdesign.ee\" \/>\n<meta property=\"article:modified_time\" content=\"2026-04-03T19:18:56+00:00\" \/>\n<meta property=\"og:image\" content=\"https:\/\/seifdesign.ee\/wp-content\/uploads\/2022\/12\/MustTamm1.png\" \/>\n\t<meta property=\"og:image:width\" content=\"1079\" \/>\n\t<meta property=\"og:image:height\" content=\"1080\" \/>\n\t<meta property=\"og:image:type\" content=\"image\/png\" \/>\n<meta name=\"twitter:card\" content=\"summary_large_image\" \/>\n<meta name=\"twitter:label1\" content=\"Estimated reading time\" \/>\n\t<meta name=\"twitter:data1\" content=\"1 minute\" \/>\n<script type=\"application\/ld+json\" class=\"yoast-schema-graph\">{\"@context\":\"https:\\\/\\\/schema.org\",\"@graph\":[{\"@type\":\"WebPage\",\"@id\":\"https:\\\/\\\/seifdesign.ee\\\/toode\\\/must-susi\\\/\",\"url\":\"https:\\\/\\\/seifdesign.ee\\\/toode\\\/must-susi\\\/\",\"name\":\"Must S\u00fcsi - Kivist Kaarditasku - Seif Design\",\"isPartOf\":{\"@id\":\"https:\\\/\\\/seifdesign.ee\\\/#website\"},\"primaryImageOfPage\":{\"@id\":\"https:\\\/\\\/seifdesign.ee\\\/toode\\\/must-susi\\\/#primaryimage\"},\"image\":{\"@id\":\"https:\\\/\\\/seifdesign.ee\\\/toode\\\/must-susi\\\/#primaryimage\"},\"thumbnailUrl\":\"https:\\\/\\\/seifdesign.ee\\\/wp-content\\\/uploads\\\/2022\\\/12\\\/MustTamm1.png\",\"datePublished\":\"2022-12-05T21:00:08+00:00\",\"dateModified\":\"2026-04-03T19:18:56+00:00\",\"description\":\"Must S\u00fcsi on kivistdisainiga kaarditasku, mis on ideaalne kink k\u00f5igile. Hoia oma kaarte kergesti k\u00e4tte saadaval meie praktilise ja stiilse rahakotiga.\",\"breadcrumb\":{\"@id\":\"https:\\\/\\\/seifdesign.ee\\\/toode\\\/must-susi\\\/#breadcrumb\"},\"inLanguage\":\"en-GB\",\"potentialAction\":[{\"@type\":\"ReadAction\",\"target\":[\"https:\\\/\\\/seifdesign.ee\\\/toode\\\/must-susi\\\/\"]}]},{\"@type\":\"ImageObject\",\"inLanguage\":\"en-GB\",\"@id\":\"https:\\\/\\\/seifdesign.ee\\\/toode\\\/must-susi\\\/#primaryimage\",\"url\":\"https:\\\/\\\/seifdesign.ee\\\/wp-content\\\/uploads\\\/2022\\\/12\\\/MustTamm1.png\",\"contentUrl\":\"https:\\\/\\\/seifdesign.ee\\\/wp-content\\\/uploads\\\/2022\\\/12\\\/MustTamm1.png\",\"width\":1079,\"height\":1080,\"caption\":\"Kaarditasku Must S\u00fcsi Seif Design poolt\"},{\"@type\":\"BreadcrumbList\",\"@id\":\"https:\\\/\\\/seifdesign.ee\\\/toode\\\/must-susi\\\/#breadcrumb\",\"itemListElement\":[{\"@type\":\"ListItem\",\"position\":1,\"name\":\"Home\",\"item\":\"https:\\\/\\\/seifdesign.ee\\\/\"},{\"@type\":\"ListItem\",\"position\":2,\"name\":\"Pood\",\"item\":\"https:\\\/\\\/seifdesign.ee\\\/pood\\\/\"},{\"@type\":\"ListItem\",\"position\":3,\"name\":\"Must S\u00fcsi\"}]},{\"@type\":\"WebSite\",\"@id\":\"https:\\\/\\\/seifdesign.ee\\\/#website\",\"url\":\"https:\\\/\\\/seifdesign.ee\\\/\",\"name\":\"Seif Design\",\"description\":\"Seif Design kivist kaarditaskud\",\"publisher\":{\"@id\":\"https:\\\/\\\/seifdesign.ee\\\/#organization\"},\"potentialAction\":[{\"@type\":\"SearchAction\",\"target\":{\"@type\":\"EntryPoint\",\"urlTemplate\":\"https:\\\/\\\/seifdesign.ee\\\/?s={search_term_string}\"},\"query-input\":{\"@type\":\"PropertyValueSpecification\",\"valueRequired\":true,\"valueName\":\"search_term_string\"}}],\"inLanguage\":\"en-GB\"},{\"@type\":\"Organization\",\"@id\":\"https:\\\/\\\/seifdesign.ee\\\/#organization\",\"name\":\"Seif Design\",\"url\":\"https:\\\/\\\/seifdesign.ee\\\/\",\"logo\":{\"@type\":\"ImageObject\",\"inLanguage\":\"en-GB\",\"@id\":\"https:\\\/\\\/seifdesign.ee\\\/#\\\/schema\\\/logo\\\/image\\\/\",\"url\":\"https:\\\/\\\/seifdesign.ee\\\/wp-content\\\/uploads\\\/2024\\\/05\\\/cropped-Seif_Logo-2.png\",\"contentUrl\":\"https:\\\/\\\/seifdesign.ee\\\/wp-content\\\/uploads\\\/2024\\\/05\\\/cropped-Seif_Logo-2.png\",\"width\":789,\"height\":571,\"caption\":\"Seif Design\"},\"image\":{\"@id\":\"https:\\\/\\\/seifdesign.ee\\\/#\\\/schema\\\/logo\\\/image\\\/\"},\"sameAs\":[\"https:\\\/\\\/www.facebook.com\\\/seifdesign.ee\",\"https:\\\/\\\/www.instagram.com\\\/seifdesign.ee\\\/\"]}]}<\/script>\n<!-- \/ Yoast SEO Premium plugin. -->","yoast_head_json":{"title":"Must S\u00fcsi - Kivist Kaarditasku - Seif Design","description":"Must S\u00fcsi on kivistdisainiga kaarditasku, mis on ideaalne kink k\u00f5igile. Hoia oma kaarte kergesti k\u00e4tte saadaval meie praktilise ja stiilse rahakotiga.","robots":{"index":"index","follow":"follow","max-snippet":"max-snippet:-1","max-image-preview":"max-image-preview:large","max-video-preview":"max-video-preview:-1"},"canonical":"https:\/\/seifdesign.ee\/en\/product\/must-susi\/","og_locale":"en_GB","og_type":"article","og_title":"Must S\u00fcsi","og_description":"Must S\u00fcsi on kivistdisainiga kaarditasku, mis on ideaalne kink k\u00f5igile. Hoia oma kaarte kergesti k\u00e4tte saadaval meie praktilise ja stiilse rahakotiga.","og_url":"https:\/\/seifdesign.ee\/en\/product\/must-susi\/","og_site_name":"Seif Design","article_publisher":"https:\/\/www.facebook.com\/seifdesign.ee","article_modified_time":"2026-04-03T19:18:56+00:00","og_image":[{"width":1079,"height":1080,"url":"https:\/\/seifdesign.ee\/wp-content\/uploads\/2022\/12\/MustTamm1.png","type":"image\/png"}],"twitter_card":"summary_large_image","twitter_misc":{"Estimated reading time":"1 minute"},"schema":{"@context":"https:\/\/schema.org","@graph":[{"@type":"WebPage","@id":"https:\/\/seifdesign.ee\/toode\/must-susi\/","url":"https:\/\/seifdesign.ee\/toode\/must-susi\/","name":"Must S\u00fcsi - Kivist Kaarditasku - Seif Design","isPartOf":{"@id":"https:\/\/seifdesign.ee\/#website"},"primaryImageOfPage":{"@id":"https:\/\/seifdesign.ee\/toode\/must-susi\/#primaryimage"},"image":{"@id":"https:\/\/seifdesign.ee\/toode\/must-susi\/#primaryimage"},"thumbnailUrl":"https:\/\/seifdesign.ee\/wp-content\/uploads\/2022\/12\/MustTamm1.png","datePublished":"2022-12-05T21:00:08+00:00","dateModified":"2026-04-03T19:18:56+00:00","description":"Must S\u00fcsi on kivistdisainiga kaarditasku, mis on ideaalne kink k\u00f5igile. Hoia oma kaarte kergesti k\u00e4tte saadaval meie praktilise ja stiilse rahakotiga.","breadcrumb":{"@id":"https:\/\/seifdesign.ee\/toode\/must-susi\/#breadcrumb"},"inLanguage":"en-GB","potentialAction":[{"@type":"ReadAction","target":["https:\/\/seifdesign.ee\/toode\/must-susi\/"]}]},{"@type":"ImageObject","inLanguage":"en-GB","@id":"https:\/\/seifdesign.ee\/toode\/must-susi\/#primaryimage","url":"https:\/\/seifdesign.ee\/wp-content\/uploads\/2022\/12\/MustTamm1.png","contentUrl":"https:\/\/seifdesign.ee\/wp-content\/uploads\/2022\/12\/MustTamm1.png","width":1079,"height":1080,"caption":"Kaarditasku Must S\u00fcsi Seif Design poolt"},{"@type":"BreadcrumbList","@id":"https:\/\/seifdesign.ee\/toode\/must-susi\/#breadcrumb","itemListElement":[{"@type":"ListItem","position":1,"name":"Home","item":"https:\/\/seifdesign.ee\/"},{"@type":"ListItem","position":2,"name":"Pood","item":"https:\/\/seifdesign.ee\/pood\/"},{"@type":"ListItem","position":3,"name":"Must S\u00fcsi"}]},{"@type":"WebSite","@id":"https:\/\/seifdesign.ee\/#website","url":"https:\/\/seifdesign.ee\/","name":"Seif Design","description":"Seif Design kivist kaarditaskud","publisher":{"@id":"https:\/\/seifdesign.ee\/#organization"},"potentialAction":[{"@type":"SearchAction","target":{"@type":"EntryPoint","urlTemplate":"https:\/\/seifdesign.ee\/?s={search_term_string}"},"query-input":{"@type":"PropertyValueSpecification","valueRequired":true,"valueName":"search_term_string"}}],"inLanguage":"en-GB"},{"@type":"Organization","@id":"https:\/\/seifdesign.ee\/#organization","name":"Seif Design","url":"https:\/\/seifdesign.ee\/","logo":{"@type":"ImageObject","inLanguage":"en-GB","@id":"https:\/\/seifdesign.ee\/#\/schema\/logo\/image\/","url":"https:\/\/seifdesign.ee\/wp-content\/uploads\/2024\/05\/cropped-Seif_Logo-2.png","contentUrl":"https:\/\/seifdesign.ee\/wp-content\/uploads\/2024\/05\/cropped-Seif_Logo-2.png","width":789,"height":571,"caption":"Seif Design"},"image":{"@id":"https:\/\/seifdesign.ee\/#\/schema\/logo\/image\/"},"sameAs":["https:\/\/www.facebook.com\/seifdesign.ee","https:\/\/www.instagram.com\/seifdesign.ee\/"]}]}},"jetpack_sharing_enabled":true,"_links":{"self":[{"href":"https:\/\/seifdesign.ee\/en\/wp-json\/wp\/v2\/product\/681","targetHints":{"allow":["GET"]}}],"collection":[{"href":"https:\/\/seifdesign.ee\/en\/wp-json\/wp\/v2\/product"}],"about":[{"href":"https:\/\/seifdesign.ee\/en\/wp-json\/wp\/v2\/types\/product"}],"wp:featuredmedia":[{"embeddable":true,"href":"https:\/\/seifdesign.ee\/en\/wp-json\/wp\/v2\/media\/695"}],"wp:attachment":[{"href":"https:\/\/seifdesign.ee\/en\/wp-json\/wp\/v2\/media?parent=681"}],"wp:term":[{"taxonomy":"product_brand","embeddable":true,"href":"https:\/\/seifdesign.ee\/en\/wp-json\/wp\/v2\/product_brand?post=681"},{"taxonomy":"product_cat","embeddable":true,"href":"https:\/\/seifdesign.ee\/en\/wp-json\/wp\/v2\/product_cat?post=681"},{"taxonomy":"product_tag","embeddable":true,"href":"https:\/\/seifdesign.ee\/en\/wp-json\/wp\/v2\/product_tag?post=681"}],"curies":[{"name":"wp","href":"https:\/\/api.w.org\/{rel}","templated":true}]}}