{"id":2638,"date":"2025-12-06T21:41:51","date_gmt":"2025-12-06T21:41:51","guid":{"rendered":"https:\/\/seifdesign.ee\/?post_type=product&#038;p=2638"},"modified":"2026-04-03T19:19:46","modified_gmt":"2026-04-03T19:19:46","slug":"roheline-parl-l-ring","status":"publish","type":"product","link":"https:\/\/seifdesign.ee\/en\/product\/roheline-parl-l-ring\/","title":{"rendered":"Roheline P\u00e4rl &#8211; L Ring"},"content":{"rendered":"<p>Lihtsust silmas pidades valmistatud kivist k\u00f5rvar\u00f5ngad on tagasihoidliku ilu kehastus.<b> Sulgkerged naturaalsest kiltkivist<\/b> ehted sulanduvad iga kandja garderoobi.<\/p>\n<p>&nbsp;<\/p>\n<p><strong>\u00a0&#8211;\u00a0 Naturaalsest kivist<\/strong><\/p>\n<p><strong>\u00a0&#8211;\u00a0 Kirurgilisest terasest tagused <\/strong><strong>\u00a0<\/strong><\/p>\n<p><strong>\u00a0&#8211;\u00a0 Toodetud Eestis<\/strong><\/p>\n<p><strong>\u00a0&#8211;\u00a0 Tasuta tarne alates 30\u20ac<\/strong><\/p>\n<p>&nbsp;<\/p>\n<p>M\u00f5\u00f5dud: 35mm (\u00f8), paksus 2mm<\/p>","protected":false},"excerpt":{"rendered":"<p>Lihtsust silmas pidades valmistatud kivist k\u00f5rvar\u00f5ngad on tagasihoidliku ilu kehastus. Sulgkerged naturaalsest kiltkivist ehted sulanduvad iga kandja garderoobi. &nbsp; \u00a0&#8211;\u00a0 Naturaalsest kivist \u00a0&#8211;\u00a0 Kirurgilisest terasest tagused \u00a0 \u00a0&#8211;\u00a0 Toodetud Eestis \u00a0&#8211;\u00a0 Tasuta tarne alates 30\u20ac &nbsp; M\u00f5\u00f5dud: 35mm (\u00f8), paksus 2mm<\/p>","protected":false},"featured_media":2986,"template":"","meta":{"_monsterinsights_skip_tracking":false,"_monsterinsights_sitenote_active":false,"_monsterinsights_sitenote_note":"","_monsterinsights_sitenote_category":0,"site-sidebar-layout":"default","site-content-layout":"","ast-site-content-layout":"default","site-content-style":"default","site-sidebar-style":"default","ast-global-header-display":"","ast-banner-title-visibility":"","ast-main-header-display":"","ast-hfb-above-header-display":"","ast-hfb-below-header-display":"","ast-hfb-mobile-header-display":"","site-post-title":"","ast-breadcrumbs-content":"","ast-featured-img":"","footer-sml-layout":"","ast-disable-related-posts":"","theme-transparent-header-meta":"default","adv-header-id-meta":"","stick-header-meta":"","header-above-stick-meta":"","header-main-stick-meta":"","header-below-stick-meta":"","astra-migrate-meta-layouts":"set","ast-page-background-enabled":"default","ast-page-background-meta":{"desktop":{"background-color":"var(--ast-global-color-4)","background-image":"","background-repeat":"repeat","background-position":"center center","background-size":"auto","background-attachment":"scroll","background-type":"","background-media":"","overlay-type":"","overlay-color":"","overlay-opacity":"","overlay-gradient":""},"tablet":{"background-color":"","background-image":"","background-repeat":"repeat","background-position":"center center","background-size":"auto","background-attachment":"scroll","background-type":"","background-media":"","overlay-type":"","overlay-color":"","overlay-opacity":"","overlay-gradient":""},"mobile":{"background-color":"","background-image":"","background-repeat":"repeat","background-position":"center center","background-size":"auto","background-attachment":"scroll","background-type":"","background-media":"","overlay-type":"","overlay-color":"","overlay-opacity":"","overlay-gradient":""}},"ast-content-background-meta":{"desktop":{"background-color":"var(--ast-global-color-5)","background-image":"","background-repeat":"repeat","background-position":"center center","background-size":"auto","background-attachment":"scroll","background-type":"","background-media":"","overlay-type":"","overlay-color":"","overlay-opacity":"","overlay-gradient":""},"tablet":{"background-color":"var(--ast-global-color-5)","background-image":"","background-repeat":"repeat","background-position":"center center","background-size":"auto","background-attachment":"scroll","background-type":"","background-media":"","overlay-type":"","overlay-color":"","overlay-opacity":"","overlay-gradient":""},"mobile":{"background-color":"var(--ast-global-color-5)","background-image":"","background-repeat":"repeat","background-position":"center center","background-size":"auto","background-attachment":"scroll","background-type":"","background-media":"","overlay-type":"","overlay-color":"","overlay-opacity":"","overlay-gradient":""}}},"product_brand":[],"product_cat":[38],"product_tag":[],"class_list":{"0":"post-2638","1":"product","2":"type-product","3":"status-publish","4":"has-post-thumbnail","6":"product_cat-korvarongad","7":"desktop-align-left","8":"tablet-align-left","9":"mobile-align-left","11":"first","12":"instock","13":"shipping-taxable","14":"purchasable","15":"product-type-variable"},"yoast_head":"<!-- This site is optimized with the Yoast SEO Premium plugin v19.1 (Yoast SEO v27.3) - https:\/\/yoast.com\/product\/yoast-seo-premium-wordpress\/ -->\n<title>K\u00f5rvar\u00f5ngad - Roheline P\u00e4rl - L Ring - Seif Design<\/title>\n<meta name=\"description\" content=\"Roheline P\u00e4rl - L Ring k\u00f5rvar\u00f5ngad on ainulaadsed, kivist valmistatud k\u00f5rva\u00f5ngad. Valmistatud k\u00e4sit\u00f6\u00f6na Eestis. Iga k\u00f5rvar\u00f5ngas on ainulaadse v\u00e4limusega.\" \/>\n<meta name=\"robots\" content=\"index, follow, max-snippet:-1, max-image-preview:large, max-video-preview:-1\" \/>\n<link rel=\"canonical\" href=\"https:\/\/seifdesign.ee\/en\/product\/roheline-parl-l-ring\/\" \/>\n<meta property=\"og:locale\" content=\"en_GB\" \/>\n<meta property=\"og:type\" content=\"article\" \/>\n<meta property=\"og:title\" content=\"Roheline P\u00e4rl - L Ring\" \/>\n<meta property=\"og:description\" content=\"Roheline P\u00e4rl - L Ring k\u00f5rvar\u00f5ngad on ainulaadsed, kivist valmistatud k\u00f5rva\u00f5ngad. Valmistatud k\u00e4sit\u00f6\u00f6na Eestis. Iga k\u00f5rvar\u00f5ngas on ainulaadse v\u00e4limusega.\" \/>\n<meta property=\"og:url\" content=\"https:\/\/seifdesign.ee\/en\/product\/roheline-parl-l-ring\/\" \/>\n<meta property=\"og:site_name\" content=\"Seif Design\" \/>\n<meta property=\"article:publisher\" content=\"https:\/\/www.facebook.com\/seifdesign.ee\" \/>\n<meta property=\"article:modified_time\" content=\"2026-04-03T19:19:46+00:00\" \/>\n<meta property=\"og:image\" content=\"https:\/\/seifdesign.ee\/wp-content\/uploads\/2025\/12\/Roheline-Parl-Ring-M.jpg\" \/>\n\t<meta property=\"og:image:width\" content=\"2490\" \/>\n\t<meta property=\"og:image:height\" content=\"2490\" \/>\n\t<meta property=\"og:image:type\" content=\"image\/jpeg\" \/>\n<meta name=\"twitter:card\" content=\"summary_large_image\" \/>\n<meta name=\"twitter:label1\" content=\"Estimated reading time\" \/>\n\t<meta name=\"twitter:data1\" content=\"1 minute\" \/>\n<script type=\"application\/ld+json\" class=\"yoast-schema-graph\">{\"@context\":\"https:\\\/\\\/schema.org\",\"@graph\":[{\"@type\":\"WebPage\",\"@id\":\"https:\\\/\\\/seifdesign.ee\\\/toode\\\/roheline-parl-l-ring\\\/\",\"url\":\"https:\\\/\\\/seifdesign.ee\\\/toode\\\/roheline-parl-l-ring\\\/\",\"name\":\"K\u00f5rvar\u00f5ngad - Roheline P\u00e4rl - L Ring - Seif Design\",\"isPartOf\":{\"@id\":\"https:\\\/\\\/seifdesign.ee\\\/#website\"},\"primaryImageOfPage\":{\"@id\":\"https:\\\/\\\/seifdesign.ee\\\/toode\\\/roheline-parl-l-ring\\\/#primaryimage\"},\"image\":{\"@id\":\"https:\\\/\\\/seifdesign.ee\\\/toode\\\/roheline-parl-l-ring\\\/#primaryimage\"},\"thumbnailUrl\":\"https:\\\/\\\/seifdesign.ee\\\/wp-content\\\/uploads\\\/2025\\\/12\\\/Roheline-Parl-Ring-M.jpg\",\"datePublished\":\"2025-12-06T21:41:51+00:00\",\"dateModified\":\"2026-04-03T19:19:46+00:00\",\"description\":\"Roheline P\u00e4rl - L Ring k\u00f5rvar\u00f5ngad on ainulaadsed, kivist valmistatud k\u00f5rva\u00f5ngad. Valmistatud k\u00e4sit\u00f6\u00f6na Eestis. Iga k\u00f5rvar\u00f5ngas on ainulaadse v\u00e4limusega.\",\"breadcrumb\":{\"@id\":\"https:\\\/\\\/seifdesign.ee\\\/toode\\\/roheline-parl-l-ring\\\/#breadcrumb\"},\"inLanguage\":\"en-GB\",\"potentialAction\":[{\"@type\":\"ReadAction\",\"target\":[\"https:\\\/\\\/seifdesign.ee\\\/toode\\\/roheline-parl-l-ring\\\/\"]}]},{\"@type\":\"ImageObject\",\"inLanguage\":\"en-GB\",\"@id\":\"https:\\\/\\\/seifdesign.ee\\\/toode\\\/roheline-parl-l-ring\\\/#primaryimage\",\"url\":\"https:\\\/\\\/seifdesign.ee\\\/wp-content\\\/uploads\\\/2025\\\/12\\\/Roheline-Parl-Ring-M.jpg\",\"contentUrl\":\"https:\\\/\\\/seifdesign.ee\\\/wp-content\\\/uploads\\\/2025\\\/12\\\/Roheline-Parl-Ring-M.jpg\",\"width\":2490,\"height\":2490},{\"@type\":\"BreadcrumbList\",\"@id\":\"https:\\\/\\\/seifdesign.ee\\\/toode\\\/roheline-parl-l-ring\\\/#breadcrumb\",\"itemListElement\":[{\"@type\":\"ListItem\",\"position\":1,\"name\":\"Home\",\"item\":\"https:\\\/\\\/seifdesign.ee\\\/\"},{\"@type\":\"ListItem\",\"position\":2,\"name\":\"Pood\",\"item\":\"https:\\\/\\\/seifdesign.ee\\\/pood\\\/\"},{\"@type\":\"ListItem\",\"position\":3,\"name\":\"Roheline P\u00e4rl &#8211; L Ring\"}]},{\"@type\":\"WebSite\",\"@id\":\"https:\\\/\\\/seifdesign.ee\\\/#website\",\"url\":\"https:\\\/\\\/seifdesign.ee\\\/\",\"name\":\"Seif Design\",\"description\":\"Seif Design kivist kaarditaskud\",\"publisher\":{\"@id\":\"https:\\\/\\\/seifdesign.ee\\\/#organization\"},\"potentialAction\":[{\"@type\":\"SearchAction\",\"target\":{\"@type\":\"EntryPoint\",\"urlTemplate\":\"https:\\\/\\\/seifdesign.ee\\\/?s={search_term_string}\"},\"query-input\":{\"@type\":\"PropertyValueSpecification\",\"valueRequired\":true,\"valueName\":\"search_term_string\"}}],\"inLanguage\":\"en-GB\"},{\"@type\":\"Organization\",\"@id\":\"https:\\\/\\\/seifdesign.ee\\\/#organization\",\"name\":\"Seif Design\",\"url\":\"https:\\\/\\\/seifdesign.ee\\\/\",\"logo\":{\"@type\":\"ImageObject\",\"inLanguage\":\"en-GB\",\"@id\":\"https:\\\/\\\/seifdesign.ee\\\/#\\\/schema\\\/logo\\\/image\\\/\",\"url\":\"https:\\\/\\\/seifdesign.ee\\\/wp-content\\\/uploads\\\/2024\\\/05\\\/cropped-Seif_Logo-2.png\",\"contentUrl\":\"https:\\\/\\\/seifdesign.ee\\\/wp-content\\\/uploads\\\/2024\\\/05\\\/cropped-Seif_Logo-2.png\",\"width\":789,\"height\":571,\"caption\":\"Seif Design\"},\"image\":{\"@id\":\"https:\\\/\\\/seifdesign.ee\\\/#\\\/schema\\\/logo\\\/image\\\/\"},\"sameAs\":[\"https:\\\/\\\/www.facebook.com\\\/seifdesign.ee\",\"https:\\\/\\\/www.instagram.com\\\/seifdesign.ee\\\/\"]}]}<\/script>\n<!-- \/ Yoast SEO Premium plugin. -->","yoast_head_json":{"title":"K\u00f5rvar\u00f5ngad - Roheline P\u00e4rl - L Ring - Seif Design","description":"Roheline P\u00e4rl - L Ring k\u00f5rvar\u00f5ngad on ainulaadsed, kivist valmistatud k\u00f5rva\u00f5ngad. Valmistatud k\u00e4sit\u00f6\u00f6na Eestis. Iga k\u00f5rvar\u00f5ngas on ainulaadse v\u00e4limusega.","robots":{"index":"index","follow":"follow","max-snippet":"max-snippet:-1","max-image-preview":"max-image-preview:large","max-video-preview":"max-video-preview:-1"},"canonical":"https:\/\/seifdesign.ee\/en\/product\/roheline-parl-l-ring\/","og_locale":"en_GB","og_type":"article","og_title":"Roheline P\u00e4rl - L Ring","og_description":"Roheline P\u00e4rl - L Ring k\u00f5rvar\u00f5ngad on ainulaadsed, kivist valmistatud k\u00f5rva\u00f5ngad. Valmistatud k\u00e4sit\u00f6\u00f6na Eestis. Iga k\u00f5rvar\u00f5ngas on ainulaadse v\u00e4limusega.","og_url":"https:\/\/seifdesign.ee\/en\/product\/roheline-parl-l-ring\/","og_site_name":"Seif Design","article_publisher":"https:\/\/www.facebook.com\/seifdesign.ee","article_modified_time":"2026-04-03T19:19:46+00:00","og_image":[{"width":2490,"height":2490,"url":"https:\/\/seifdesign.ee\/wp-content\/uploads\/2025\/12\/Roheline-Parl-Ring-M.jpg","type":"image\/jpeg"}],"twitter_card":"summary_large_image","twitter_misc":{"Estimated reading time":"1 minute"},"schema":{"@context":"https:\/\/schema.org","@graph":[{"@type":"WebPage","@id":"https:\/\/seifdesign.ee\/toode\/roheline-parl-l-ring\/","url":"https:\/\/seifdesign.ee\/toode\/roheline-parl-l-ring\/","name":"K\u00f5rvar\u00f5ngad - Roheline P\u00e4rl - L Ring - Seif Design","isPartOf":{"@id":"https:\/\/seifdesign.ee\/#website"},"primaryImageOfPage":{"@id":"https:\/\/seifdesign.ee\/toode\/roheline-parl-l-ring\/#primaryimage"},"image":{"@id":"https:\/\/seifdesign.ee\/toode\/roheline-parl-l-ring\/#primaryimage"},"thumbnailUrl":"https:\/\/seifdesign.ee\/wp-content\/uploads\/2025\/12\/Roheline-Parl-Ring-M.jpg","datePublished":"2025-12-06T21:41:51+00:00","dateModified":"2026-04-03T19:19:46+00:00","description":"Roheline P\u00e4rl - L Ring k\u00f5rvar\u00f5ngad on ainulaadsed, kivist valmistatud k\u00f5rva\u00f5ngad. Valmistatud k\u00e4sit\u00f6\u00f6na Eestis. Iga k\u00f5rvar\u00f5ngas on ainulaadse v\u00e4limusega.","breadcrumb":{"@id":"https:\/\/seifdesign.ee\/toode\/roheline-parl-l-ring\/#breadcrumb"},"inLanguage":"en-GB","potentialAction":[{"@type":"ReadAction","target":["https:\/\/seifdesign.ee\/toode\/roheline-parl-l-ring\/"]}]},{"@type":"ImageObject","inLanguage":"en-GB","@id":"https:\/\/seifdesign.ee\/toode\/roheline-parl-l-ring\/#primaryimage","url":"https:\/\/seifdesign.ee\/wp-content\/uploads\/2025\/12\/Roheline-Parl-Ring-M.jpg","contentUrl":"https:\/\/seifdesign.ee\/wp-content\/uploads\/2025\/12\/Roheline-Parl-Ring-M.jpg","width":2490,"height":2490},{"@type":"BreadcrumbList","@id":"https:\/\/seifdesign.ee\/toode\/roheline-parl-l-ring\/#breadcrumb","itemListElement":[{"@type":"ListItem","position":1,"name":"Home","item":"https:\/\/seifdesign.ee\/"},{"@type":"ListItem","position":2,"name":"Pood","item":"https:\/\/seifdesign.ee\/pood\/"},{"@type":"ListItem","position":3,"name":"Roheline P\u00e4rl &#8211; L Ring"}]},{"@type":"WebSite","@id":"https:\/\/seifdesign.ee\/#website","url":"https:\/\/seifdesign.ee\/","name":"Seif Design","description":"Seif Design kivist kaarditaskud","publisher":{"@id":"https:\/\/seifdesign.ee\/#organization"},"potentialAction":[{"@type":"SearchAction","target":{"@type":"EntryPoint","urlTemplate":"https:\/\/seifdesign.ee\/?s={search_term_string}"},"query-input":{"@type":"PropertyValueSpecification","valueRequired":true,"valueName":"search_term_string"}}],"inLanguage":"en-GB"},{"@type":"Organization","@id":"https:\/\/seifdesign.ee\/#organization","name":"Seif Design","url":"https:\/\/seifdesign.ee\/","logo":{"@type":"ImageObject","inLanguage":"en-GB","@id":"https:\/\/seifdesign.ee\/#\/schema\/logo\/image\/","url":"https:\/\/seifdesign.ee\/wp-content\/uploads\/2024\/05\/cropped-Seif_Logo-2.png","contentUrl":"https:\/\/seifdesign.ee\/wp-content\/uploads\/2024\/05\/cropped-Seif_Logo-2.png","width":789,"height":571,"caption":"Seif Design"},"image":{"@id":"https:\/\/seifdesign.ee\/#\/schema\/logo\/image\/"},"sameAs":["https:\/\/www.facebook.com\/seifdesign.ee","https:\/\/www.instagram.com\/seifdesign.ee\/"]}]}},"jetpack_sharing_enabled":true,"_links":{"self":[{"href":"https:\/\/seifdesign.ee\/en\/wp-json\/wp\/v2\/product\/2638","targetHints":{"allow":["GET"]}}],"collection":[{"href":"https:\/\/seifdesign.ee\/en\/wp-json\/wp\/v2\/product"}],"about":[{"href":"https:\/\/seifdesign.ee\/en\/wp-json\/wp\/v2\/types\/product"}],"wp:featuredmedia":[{"embeddable":true,"href":"https:\/\/seifdesign.ee\/en\/wp-json\/wp\/v2\/media\/2986"}],"wp:attachment":[{"href":"https:\/\/seifdesign.ee\/en\/wp-json\/wp\/v2\/media?parent=2638"}],"wp:term":[{"taxonomy":"product_brand","embeddable":true,"href":"https:\/\/seifdesign.ee\/en\/wp-json\/wp\/v2\/product_brand?post=2638"},{"taxonomy":"product_cat","embeddable":true,"href":"https:\/\/seifdesign.ee\/en\/wp-json\/wp\/v2\/product_cat?post=2638"},{"taxonomy":"product_tag","embeddable":true,"href":"https:\/\/seifdesign.ee\/en\/wp-json\/wp\/v2\/product_tag?post=2638"}],"curies":[{"name":"wp","href":"https:\/\/api.w.org\/{rel}","templated":true}]}}