{"id":52,"date":"2022-10-17T07:29:58","date_gmt":"2022-10-17T07:29:58","guid":{"rendered":"https:\/\/seifdesign.ee\/?page_id=52"},"modified":"2024-05-20T02:12:04","modified_gmt":"2024-05-20T02:12:04","slug":"kontakt","status":"publish","type":"page","link":"https:\/\/seifdesign.ee\/en\/kontakt\/","title":{"rendered":"Contact"},"content":{"rendered":"\t\t<div data-elementor-type=\"wp-page\" data-elementor-id=\"52\" class=\"elementor elementor-52\">\n\t\t\t\t\t\t<section class=\"elementor-section elementor-top-section elementor-element elementor-element-09d606b elementor-section-boxed elementor-section-height-default elementor-section-height-default\" data-id=\"09d606b\" data-element_type=\"section\">\n\t\t\t\t\t\t<div class=\"elementor-container elementor-column-gap-default\">\n\t\t\t\t\t<div class=\"elementor-column elementor-col-33 elementor-top-column elementor-element elementor-element-f706973\" data-id=\"f706973\" data-element_type=\"column\">\n\t\t\t<div class=\"elementor-widget-wrap elementor-element-populated\">\n\t\t\t\t\t\t<div class=\"elementor-element elementor-element-1ebdd72 elementor-widget elementor-widget-heading\" data-id=\"1ebdd72\" data-element_type=\"widget\" data-widget_type=\"heading.default\">\n\t\t\t\t<div class=\"elementor-widget-container\">\n\t\t\t<h1 class=\"elementor-heading-title elementor-size-large\">Kontakt<\/h1>\t\t<\/div>\n\t\t\t\t<\/div>\n\t\t\t\t<div class=\"elementor-element elementor-element-92380af elementor-widget elementor-widget-image\" data-id=\"92380af\" data-element_type=\"widget\" data-widget_type=\"image.default\">\n\t\t\t\t<div class=\"elementor-widget-container\">\n\t\t\t\t\t\t\t\t\t\t\t\t\t<img fetchpriority=\"high\" decoding=\"async\" width=\"1024\" height=\"670\" src=\"https:\/\/seifdesign.ee\/wp-content\/uploads\/2024\/05\/DSC05586-1024x670.png\" class=\"attachment-large size-large wp-image-2114\" alt=\"\" srcset=\"https:\/\/seifdesign.ee\/wp-content\/uploads\/2024\/05\/DSC05586-1024x670.png 1024w, https:\/\/seifdesign.ee\/wp-content\/uploads\/2024\/05\/DSC05586-300x196.png 300w, https:\/\/seifdesign.ee\/wp-content\/uploads\/2024\/05\/DSC05586-768x503.png 768w, https:\/\/seifdesign.ee\/wp-content\/uploads\/2024\/05\/DSC05586-1536x1005.png 1536w, https:\/\/seifdesign.ee\/wp-content\/uploads\/2024\/05\/DSC05586-2048x1340.png 2048w, https:\/\/seifdesign.ee\/wp-content\/uploads\/2024\/05\/DSC05586-18x12.png 18w, https:\/\/seifdesign.ee\/wp-content\/uploads\/2024\/05\/DSC05586-1080x707.png 1080w\" sizes=\"(max-width: 1024px) 100vw, 1024px\" \/>\t\t\t\t\t\t\t\t\t\t\t\t\t<\/div>\n\t\t\t\t<\/div>\n\t\t\t\t\t<\/div>\n\t\t<\/div>\n\t\t\t\t<div class=\"elementor-column elementor-col-66 elementor-top-column elementor-element elementor-element-e3b1171\" data-id=\"e3b1171\" data-element_type=\"column\">\n\t\t\t<div class=\"elementor-widget-wrap elementor-element-populated\">\n\t\t\t\t\t\t<section class=\"elementor-section elementor-inner-section elementor-element elementor-element-e7483c1 elementor-section-boxed elementor-section-height-default elementor-section-height-default\" data-id=\"e7483c1\" data-element_type=\"section\">\n\t\t\t\t\t\t<div class=\"elementor-container elementor-column-gap-default\">\n\t\t\t\t\t<div class=\"elementor-column elementor-col-50 elementor-inner-column elementor-element elementor-element-8fab02a\" data-id=\"8fab02a\" data-element_type=\"column\">\n\t\t\t<div class=\"elementor-widget-wrap elementor-element-populated\">\n\t\t\t\t\t\t<div class=\"elementor-element elementor-element-6e79e45 elementor-widget elementor-widget-heading\" data-id=\"6e79e45\" data-element_type=\"widget\" data-widget_type=\"heading.default\">\n\t\t\t\t<div class=\"elementor-widget-container\">\n\t\t\t<h2 class=\"elementor-heading-title elementor-size-medium\">Juhatus:<\/h2>\t\t<\/div>\n\t\t\t\t<\/div>\n\t\t\t\t<div class=\"elementor-element elementor-element-01af3c9 elementor-widget elementor-widget-text-editor\" data-id=\"01af3c9\" data-element_type=\"widget\" data-widget_type=\"text-editor.default\">\n\t\t\t\t<div class=\"elementor-widget-container\">\n\t\t\t\t\t\t\t<p>Arti Henri Lukk<\/p><p>arti@seifdesign.ee<\/p><p>tel: +372 55511025<\/p>\t\t\t\t\t\t<\/div>\n\t\t\t\t<\/div>\n\t\t\t\t<div class=\"elementor-element elementor-element-a093306 elementor-widget elementor-widget-text-editor\" data-id=\"a093306\" data-element_type=\"widget\" data-widget_type=\"text-editor.default\">\n\t\t\t\t<div class=\"elementor-widget-container\">\n\t\t\t\t\t\t\t<p>Joosep Lukin<\/p>\n<p>joosep@seifdesign.ee<\/p>\n<p>tel: +372 55944026<\/p>\n<p><\/p>\t\t\t\t\t\t<\/div>\n\t\t\t\t<\/div>\n\t\t\t\t<div class=\"elementor-element elementor-element-094647a elementor-widget elementor-widget-text-editor\" data-id=\"094647a\" data-element_type=\"widget\" data-widget_type=\"text-editor.default\">\n\t\t\t\t<div class=\"elementor-widget-container\">\n\t\t\t\t\t\t\t<p>Sten Ingerainen<\/p><p>sten@seifdesign.ee<\/p><p>tel: +372 5281849<\/p>\t\t\t\t\t\t<\/div>\n\t\t\t\t<\/div>\n\t\t\t\t\t<\/div>\n\t\t<\/div>\n\t\t\t\t<div class=\"elementor-column elementor-col-50 elementor-inner-column elementor-element elementor-element-11968e4\" data-id=\"11968e4\" data-element_type=\"column\">\n\t\t\t<div class=\"elementor-widget-wrap elementor-element-populated\">\n\t\t\t\t\t\t<div class=\"elementor-element elementor-element-92b64d3 elementor-widget elementor-widget-heading\" data-id=\"92b64d3\" data-element_type=\"widget\" data-widget_type=\"heading.default\">\n\t\t\t\t<div class=\"elementor-widget-container\">\n\t\t\t<h2 class=\"elementor-heading-title elementor-size-medium\">Info:<\/h2>\t\t<\/div>\n\t\t\t\t<\/div>\n\t\t\t\t<div class=\"elementor-element elementor-element-5db611b elementor-widget elementor-widget-text-editor\" data-id=\"5db611b\" data-element_type=\"widget\" data-widget_type=\"text-editor.default\">\n\t\t\t\t<div class=\"elementor-widget-container\">\n\t\t\t\t\t\t\t<p>info@seifdesign.ee<\/p>\t\t\t\t\t\t<\/div>\n\t\t\t\t<\/div>\n\t\t\t\t<div class=\"elementor-element elementor-element-f732849 elementor-widget elementor-widget-heading\" data-id=\"f732849\" data-element_type=\"widget\" data-widget_type=\"heading.default\">\n\t\t\t\t<div class=\"elementor-widget-container\">\n\t\t\t<h2 class=\"elementor-heading-title elementor-size-medium\"><span style=\"color: var( --e-global-color-primary );font-size: 19px\">Panga andmed:<\/span><\/h2>\t\t<\/div>\n\t\t\t\t<\/div>\n\t\t\t\t<div class=\"elementor-element elementor-element-fc8056a elementor-widget elementor-widget-text-editor\" data-id=\"fc8056a\" data-element_type=\"widget\" data-widget_type=\"text-editor.default\">\n\t\t\t\t<div class=\"elementor-widget-container\">\n\t\t\t\t\t\t\t<p><b>Swedbank AS<\/b><\/p><p>Seif Design O\u00dc<\/p><p>IBAN EE702200221079001411<\/p>\t\t\t\t\t\t<\/div>\n\t\t\t\t<\/div>\n\t\t\t\t\t<\/div>\n\t\t<\/div>\n\t\t\t\t\t<\/div>\n\t\t<\/section>\n\t\t\t\t\t<\/div>\n\t\t<\/div>\n\t\t\t\t\t<\/div>\n\t\t<\/section>\n\t\t\t\t<section class=\"elementor-section elementor-top-section elementor-element elementor-element-79d5d93 elementor-section-boxed elementor-section-height-default elementor-section-height-default\" data-id=\"79d5d93\" data-element_type=\"section\">\n\t\t\t\t\t\t<div class=\"elementor-container elementor-column-gap-default\">\n\t\t\t\t\t<div class=\"elementor-column elementor-col-100 elementor-top-column elementor-element elementor-element-c6434cb\" data-id=\"c6434cb\" data-element_type=\"column\">\n\t\t\t<div class=\"elementor-widget-wrap elementor-element-populated\">\n\t\t\t\t\t\t<div class=\"elementor-element elementor-element-ea50ad9 elementor-widget elementor-widget-heading\" data-id=\"ea50ad9\" data-element_type=\"widget\" data-widget_type=\"heading.default\">\n\t\t\t\t<div class=\"elementor-widget-container\">\n\t\t\t<h2 class=\"elementor-heading-title elementor-size-medium\">Tekkis k\u00fcsimus - kirjuta meile!<\/h2>\t\t<\/div>\n\t\t\t\t<\/div>\n\t\t\t\t<div class=\"elementor-element elementor-element-9077deb elementor-widget elementor-widget-text-editor\" data-id=\"9077deb\" data-element_type=\"widget\" data-widget_type=\"text-editor.default\">\n\t\t\t\t<div class=\"elementor-widget-container\">\n\t\t\t\t\t\t\t<p>Vastame toodete, tellimise ja tarne kohta. T\u00e4idame ka suuri tellimusi, n\u00e4iteks firmakingitusi sinu enda logoga. Vastame 1-2 p\u00e4eva jooksul.<\/p>\t\t\t\t\t\t<\/div>\n\t\t\t\t<\/div>\n\t\t\t\t<div class=\"elementor-element elementor-element-37aaadb elementor-widget elementor-widget-wpforms\" data-id=\"37aaadb\" data-element_type=\"widget\" data-widget_type=\"wpforms.default\">\n\t\t\t\t<div class=\"elementor-widget-container\">\n\t\t\t<div class=\"wpforms-container wpforms-container-full\" id=\"wpforms-1063\"><form id=\"wpforms-form-1063\" class=\"wpforms-validate wpforms-form wpforms-ajax-form\" data-formid=\"1063\" method=\"post\" enctype=\"multipart\/form-data\" action=\"\/en\/wp-json\/wp\/v2\/pages\/52\" data-token=\"a134a5e798b53764dcb12eefe6f2cd03\" data-token-time=\"1776771329\"><noscript class=\"wpforms-error-noscript\">Please enable JavaScript in your browser to complete this form.<\/noscript><div class=\"wpforms-field-container\"><div id=\"wpforms-1063-field_1-container\" class=\"wpforms-field wpforms-field-email\" data-field-id=\"1\"><label class=\"wpforms-field-label\" for=\"wpforms-1063-field_1\">Email <span class=\"wpforms-required-label\">*<\/span><\/label><input type=\"email\" id=\"wpforms-1063-field_1\" class=\"wpforms-field-medium wpforms-field-required\" name=\"wpforms[fields][1]\" spellcheck=\"false\" required><\/div><div id=\"wpforms-1063-field_2-container\" class=\"wpforms-field wpforms-field-textarea\" data-field-id=\"2\"><label class=\"wpforms-field-label\" for=\"wpforms-1063-field_2\">Sisu<\/label><textarea id=\"wpforms-1063-field_2\" class=\"wpforms-field-medium\" name=\"wpforms[fields][2]\" ><\/textarea><\/div><\/div><!-- .wpforms-field-container --><div class=\"wpforms-recaptcha-container wpforms-is-recaptcha wpforms-is-recaptcha-type-invisible\" ><div class=\"g-recaptcha\" data-sitekey=\"6Lf2HAEpAAAAAI_9RiB2a7X2OSAbS909r3DQhwfp\" data-size=\"invisible\"><\/div><\/div><div class=\"wpforms-submit-container\" ><input type=\"hidden\" name=\"wpforms[id]\" value=\"1063\"><input type=\"hidden\" name=\"page_title\" value=\"\"><input type=\"hidden\" name=\"page_url\" value=\"https:\/\/seifdesign.ee\/en\/wp-json\/wp\/v2\/pages\/52\"><input type=\"hidden\" name=\"url_referer\" value=\"\"><button type=\"submit\" name=\"wpforms[submit]\" id=\"wpforms-submit-1063\" class=\"wpforms-submit\" data-alt-text=\"Saatmine...\" data-submit-text=\"Saada\" aria-live=\"assertive\" value=\"wpforms-submit\">Saada<\/button><img decoding=\"async\" src=\"https:\/\/seifdesign.ee\/wp-content\/plugins\/wpforms-lite\/assets\/images\/submit-spin.svg\" class=\"wpforms-submit-spinner\" style=\"display: none;\" width=\"26\" height=\"26\" alt=\"Loading\"><\/div><\/form><\/div>  <!-- .wpforms-container -->\t\t<\/div>\n\t\t\t\t<\/div>\n\t\t\t\t\t<\/div>\n\t\t<\/div>\n\t\t\t\t\t<\/div>\n\t\t<\/section>\n\t\t\t\t<\/div>\n\t\t","protected":false},"excerpt":{"rendered":"<p>Kontakt Juhatus: Arti Henri Lukk arti@seifdesign.ee tel: +372 55511025 Joosep Lukin joosep@seifdesign.ee tel: +372 55944026 Sten Ingerainen sten@seifdesign.ee tel: +372 5281849 Info: info@seifdesign.ee Panga andmed: Swedbank AS Seif Design O\u00dc IBAN EE702200221079001411 Tekkis k\u00fcsimus &#8211; kirjuta meile! Vastame toodete, tellimise ja tarne kohta. T\u00e4idame ka suuri tellimusi, n\u00e4iteks firmakingitusi sinu enda logoga. Vastame 1-2 p\u00e4eva [&hellip;]<\/p>\n","protected":false},"author":1,"featured_media":0,"parent":0,"menu_order":0,"comment_status":"closed","ping_status":"closed","template":"","meta":{"_monsterinsights_skip_tracking":false,"_monsterinsights_sitenote_active":false,"_monsterinsights_sitenote_note":"","_monsterinsights_sitenote_category":0,"site-sidebar-layout":"no-sidebar","site-content-layout":"page-builder","ast-site-content-layout":"default","site-content-style":"default","site-sidebar-style":"default","ast-global-header-display":"","ast-banner-title-visibility":"","ast-main-header-display":"","ast-hfb-above-header-display":"","ast-hfb-below-header-display":"","ast-hfb-mobile-header-display":"","site-post-title":"disabled","ast-breadcrumbs-content":"","ast-featured-img":"disabled","footer-sml-layout":"","ast-disable-related-posts":"","theme-transparent-header-meta":"default","adv-header-id-meta":"","stick-header-meta":"","header-above-stick-meta":"","header-main-stick-meta":"","header-below-stick-meta":"","astra-migrate-meta-layouts":"default","ast-page-background-enabled":"default","ast-page-background-meta":{"desktop":{"background-color":"var(--ast-global-color-4)","background-image":"","background-repeat":"repeat","background-position":"center center","background-size":"auto","background-attachment":"scroll","background-type":"","background-media":"","overlay-type":"","overlay-color":"","overlay-opacity":"","overlay-gradient":""},"tablet":{"background-color":"","background-image":"","background-repeat":"repeat","background-position":"center center","background-size":"auto","background-attachment":"scroll","background-type":"","background-media":"","overlay-type":"","overlay-color":"","overlay-opacity":"","overlay-gradient":""},"mobile":{"background-color":"","background-image":"","background-repeat":"repeat","background-position":"center center","background-size":"auto","background-attachment":"scroll","background-type":"","background-media":"","overlay-type":"","overlay-color":"","overlay-opacity":"","overlay-gradient":""}},"ast-content-background-meta":{"desktop":{"background-color":"var(--ast-global-color-5)","background-image":"","background-repeat":"repeat","background-position":"center center","background-size":"auto","background-attachment":"scroll","background-type":"","background-media":"","overlay-type":"","overlay-color":"","overlay-opacity":"","overlay-gradient":""},"tablet":{"background-color":"var(--ast-global-color-5)","background-image":"","background-repeat":"repeat","background-position":"center center","background-size":"auto","background-attachment":"scroll","background-type":"","background-media":"","overlay-type":"","overlay-color":"","overlay-opacity":"","overlay-gradient":""},"mobile":{"background-color":"var(--ast-global-color-5)","background-image":"","background-repeat":"repeat","background-position":"center center","background-size":"auto","background-attachment":"scroll","background-type":"","background-media":"","overlay-type":"","overlay-color":"","overlay-opacity":"","overlay-gradient":""}},"footnotes":""},"class_list":["post-52","page","type-page","status-publish","hentry"],"yoast_head":"<!-- This site is optimized with the Yoast SEO Premium plugin v19.1 (Yoast SEO v27.4) - https:\/\/yoast.com\/product\/yoast-seo-premium-wordpress\/ -->\n<title>Kontakt - Seif Design<\/title>\n<meta name=\"robots\" content=\"index, follow, max-snippet:-1, max-image-preview:large, max-video-preview:-1\" \/>\n<link rel=\"canonical\" href=\"https:\/\/seifdesign.ee\/en\/kontakt\/\" \/>\n<meta property=\"og:locale\" content=\"en_GB\" \/>\n<meta property=\"og:type\" content=\"article\" \/>\n<meta property=\"og:title\" content=\"Kontakt\" \/>\n<meta property=\"og:description\" content=\"Kontakt Juhatus: Arti Henri Lukk arti@seifdesign.ee tel: +372 55511025 Joosep Lukin joosep@seifdesign.ee tel: +372 55944026 Sten Ingerainen sten@seifdesign.ee tel: +372 5281849 Info: info@seifdesign.ee Panga andmed: Swedbank AS Seif Design O\u00dc IBAN EE702200221079001411 Tekkis k\u00fcsimus &#8211; kirjuta meile! Vastame toodete, tellimise ja tarne kohta. T\u00e4idame ka suuri tellimusi, n\u00e4iteks firmakingitusi sinu enda logoga. Vastame 1-2 p\u00e4eva [&hellip;]\" \/>\n<meta property=\"og:url\" content=\"https:\/\/seifdesign.ee\/en\/kontakt\/\" \/>\n<meta property=\"og:site_name\" content=\"Seif Design\" \/>\n<meta property=\"article:publisher\" content=\"https:\/\/www.facebook.com\/seifdesign.ee\" \/>\n<meta property=\"article:modified_time\" content=\"2024-05-20T02:12:04+00:00\" \/>\n<meta property=\"og:image\" content=\"https:\/\/seifdesign.ee\/wp-content\/uploads\/2024\/05\/DSC05586-1024x670.png\" \/>\n<meta name=\"twitter:card\" content=\"summary_large_image\" \/>\n<meta name=\"twitter:label1\" content=\"Estimated reading time\" \/>\n\t<meta name=\"twitter:data1\" content=\"1 minute\" \/>\n<script type=\"application\/ld+json\" class=\"yoast-schema-graph\">{\"@context\":\"https:\\\/\\\/schema.org\",\"@graph\":[{\"@type\":\"WebPage\",\"@id\":\"https:\\\/\\\/seifdesign.ee\\\/kontakt\\\/\",\"url\":\"https:\\\/\\\/seifdesign.ee\\\/kontakt\\\/\",\"name\":\"Kontakt - Seif Design\",\"isPartOf\":{\"@id\":\"https:\\\/\\\/seifdesign.ee\\\/#website\"},\"primaryImageOfPage\":{\"@id\":\"https:\\\/\\\/seifdesign.ee\\\/kontakt\\\/#primaryimage\"},\"image\":{\"@id\":\"https:\\\/\\\/seifdesign.ee\\\/kontakt\\\/#primaryimage\"},\"thumbnailUrl\":\"https:\\\/\\\/seifdesign.ee\\\/wp-content\\\/uploads\\\/2024\\\/05\\\/DSC05586-1024x670.png\",\"datePublished\":\"2022-10-17T07:29:58+00:00\",\"dateModified\":\"2024-05-20T02:12:04+00:00\",\"breadcrumb\":{\"@id\":\"https:\\\/\\\/seifdesign.ee\\\/kontakt\\\/#breadcrumb\"},\"inLanguage\":\"en-GB\",\"potentialAction\":[{\"@type\":\"ReadAction\",\"target\":[\"https:\\\/\\\/seifdesign.ee\\\/kontakt\\\/\"]}]},{\"@type\":\"ImageObject\",\"inLanguage\":\"en-GB\",\"@id\":\"https:\\\/\\\/seifdesign.ee\\\/kontakt\\\/#primaryimage\",\"url\":\"https:\\\/\\\/seifdesign.ee\\\/wp-content\\\/uploads\\\/2024\\\/05\\\/DSC05586-1024x670.png\",\"contentUrl\":\"https:\\\/\\\/seifdesign.ee\\\/wp-content\\\/uploads\\\/2024\\\/05\\\/DSC05586-1024x670.png\"},{\"@type\":\"BreadcrumbList\",\"@id\":\"https:\\\/\\\/seifdesign.ee\\\/kontakt\\\/#breadcrumb\",\"itemListElement\":[{\"@type\":\"ListItem\",\"position\":1,\"name\":\"Home\",\"item\":\"https:\\\/\\\/seifdesign.ee\\\/\"},{\"@type\":\"ListItem\",\"position\":2,\"name\":\"Kontakt\"}]},{\"@type\":\"WebSite\",\"@id\":\"https:\\\/\\\/seifdesign.ee\\\/#website\",\"url\":\"https:\\\/\\\/seifdesign.ee\\\/\",\"name\":\"Seif Design\",\"description\":\"Seif Design kivist kaarditaskud\",\"publisher\":{\"@id\":\"https:\\\/\\\/seifdesign.ee\\\/#organization\"},\"potentialAction\":[{\"@type\":\"SearchAction\",\"target\":{\"@type\":\"EntryPoint\",\"urlTemplate\":\"https:\\\/\\\/seifdesign.ee\\\/?s={search_term_string}\"},\"query-input\":{\"@type\":\"PropertyValueSpecification\",\"valueRequired\":true,\"valueName\":\"search_term_string\"}}],\"inLanguage\":\"en-GB\"},{\"@type\":\"Organization\",\"@id\":\"https:\\\/\\\/seifdesign.ee\\\/#organization\",\"name\":\"Seif Design\",\"url\":\"https:\\\/\\\/seifdesign.ee\\\/\",\"logo\":{\"@type\":\"ImageObject\",\"inLanguage\":\"en-GB\",\"@id\":\"https:\\\/\\\/seifdesign.ee\\\/#\\\/schema\\\/logo\\\/image\\\/\",\"url\":\"https:\\\/\\\/seifdesign.ee\\\/wp-content\\\/uploads\\\/2024\\\/05\\\/cropped-Seif_Logo-2.png\",\"contentUrl\":\"https:\\\/\\\/seifdesign.ee\\\/wp-content\\\/uploads\\\/2024\\\/05\\\/cropped-Seif_Logo-2.png\",\"width\":789,\"height\":571,\"caption\":\"Seif Design\"},\"image\":{\"@id\":\"https:\\\/\\\/seifdesign.ee\\\/#\\\/schema\\\/logo\\\/image\\\/\"},\"sameAs\":[\"https:\\\/\\\/www.facebook.com\\\/seifdesign.ee\",\"https:\\\/\\\/www.instagram.com\\\/seifdesign.ee\\\/\"]}]}<\/script>\n<!-- \/ Yoast SEO Premium plugin. -->","yoast_head_json":{"title":"Kontakt - Seif Design","robots":{"index":"index","follow":"follow","max-snippet":"max-snippet:-1","max-image-preview":"max-image-preview:large","max-video-preview":"max-video-preview:-1"},"canonical":"https:\/\/seifdesign.ee\/en\/kontakt\/","og_locale":"en_GB","og_type":"article","og_title":"Kontakt","og_description":"Kontakt Juhatus: Arti Henri Lukk arti@seifdesign.ee tel: +372 55511025 Joosep Lukin joosep@seifdesign.ee tel: +372 55944026 Sten Ingerainen sten@seifdesign.ee tel: +372 5281849 Info: info@seifdesign.ee Panga andmed: Swedbank AS Seif Design O\u00dc IBAN EE702200221079001411 Tekkis k\u00fcsimus &#8211; kirjuta meile! Vastame toodete, tellimise ja tarne kohta. T\u00e4idame ka suuri tellimusi, n\u00e4iteks firmakingitusi sinu enda logoga. Vastame 1-2 p\u00e4eva [&hellip;]","og_url":"https:\/\/seifdesign.ee\/en\/kontakt\/","og_site_name":"Seif Design","article_publisher":"https:\/\/www.facebook.com\/seifdesign.ee","article_modified_time":"2024-05-20T02:12:04+00:00","og_image":[{"url":"https:\/\/seifdesign.ee\/wp-content\/uploads\/2024\/05\/DSC05586-1024x670.png","type":"","width":"","height":""}],"twitter_card":"summary_large_image","twitter_misc":{"Estimated reading time":"1 minute"},"schema":{"@context":"https:\/\/schema.org","@graph":[{"@type":"WebPage","@id":"https:\/\/seifdesign.ee\/kontakt\/","url":"https:\/\/seifdesign.ee\/kontakt\/","name":"Kontakt - Seif Design","isPartOf":{"@id":"https:\/\/seifdesign.ee\/#website"},"primaryImageOfPage":{"@id":"https:\/\/seifdesign.ee\/kontakt\/#primaryimage"},"image":{"@id":"https:\/\/seifdesign.ee\/kontakt\/#primaryimage"},"thumbnailUrl":"https:\/\/seifdesign.ee\/wp-content\/uploads\/2024\/05\/DSC05586-1024x670.png","datePublished":"2022-10-17T07:29:58+00:00","dateModified":"2024-05-20T02:12:04+00:00","breadcrumb":{"@id":"https:\/\/seifdesign.ee\/kontakt\/#breadcrumb"},"inLanguage":"en-GB","potentialAction":[{"@type":"ReadAction","target":["https:\/\/seifdesign.ee\/kontakt\/"]}]},{"@type":"ImageObject","inLanguage":"en-GB","@id":"https:\/\/seifdesign.ee\/kontakt\/#primaryimage","url":"https:\/\/seifdesign.ee\/wp-content\/uploads\/2024\/05\/DSC05586-1024x670.png","contentUrl":"https:\/\/seifdesign.ee\/wp-content\/uploads\/2024\/05\/DSC05586-1024x670.png"},{"@type":"BreadcrumbList","@id":"https:\/\/seifdesign.ee\/kontakt\/#breadcrumb","itemListElement":[{"@type":"ListItem","position":1,"name":"Home","item":"https:\/\/seifdesign.ee\/"},{"@type":"ListItem","position":2,"name":"Kontakt"}]},{"@type":"WebSite","@id":"https:\/\/seifdesign.ee\/#website","url":"https:\/\/seifdesign.ee\/","name":"Seif Design","description":"Seif Design kivist kaarditaskud","publisher":{"@id":"https:\/\/seifdesign.ee\/#organization"},"potentialAction":[{"@type":"SearchAction","target":{"@type":"EntryPoint","urlTemplate":"https:\/\/seifdesign.ee\/?s={search_term_string}"},"query-input":{"@type":"PropertyValueSpecification","valueRequired":true,"valueName":"search_term_string"}}],"inLanguage":"en-GB"},{"@type":"Organization","@id":"https:\/\/seifdesign.ee\/#organization","name":"Seif Design","url":"https:\/\/seifdesign.ee\/","logo":{"@type":"ImageObject","inLanguage":"en-GB","@id":"https:\/\/seifdesign.ee\/#\/schema\/logo\/image\/","url":"https:\/\/seifdesign.ee\/wp-content\/uploads\/2024\/05\/cropped-Seif_Logo-2.png","contentUrl":"https:\/\/seifdesign.ee\/wp-content\/uploads\/2024\/05\/cropped-Seif_Logo-2.png","width":789,"height":571,"caption":"Seif Design"},"image":{"@id":"https:\/\/seifdesign.ee\/#\/schema\/logo\/image\/"},"sameAs":["https:\/\/www.facebook.com\/seifdesign.ee","https:\/\/www.instagram.com\/seifdesign.ee\/"]}]}},"jetpack_sharing_enabled":true,"_links":{"self":[{"href":"https:\/\/seifdesign.ee\/en\/wp-json\/wp\/v2\/pages\/52","targetHints":{"allow":["GET"]}}],"collection":[{"href":"https:\/\/seifdesign.ee\/en\/wp-json\/wp\/v2\/pages"}],"about":[{"href":"https:\/\/seifdesign.ee\/en\/wp-json\/wp\/v2\/types\/page"}],"author":[{"embeddable":true,"href":"https:\/\/seifdesign.ee\/en\/wp-json\/wp\/v2\/users\/1"}],"replies":[{"embeddable":true,"href":"https:\/\/seifdesign.ee\/en\/wp-json\/wp\/v2\/comments?post=52"}],"version-history":[{"count":5,"href":"https:\/\/seifdesign.ee\/en\/wp-json\/wp\/v2\/pages\/52\/revisions"}],"predecessor-version":[{"id":2117,"href":"https:\/\/seifdesign.ee\/en\/wp-json\/wp\/v2\/pages\/52\/revisions\/2117"}],"wp:attachment":[{"href":"https:\/\/seifdesign.ee\/en\/wp-json\/wp\/v2\/media?parent=52"}],"curies":[{"name":"wp","href":"https:\/\/api.w.org\/{rel}","templated":true}]}}