{"id":2466,"date":"2025-12-06T21:02:10","date_gmt":"2025-12-06T21:02:10","guid":{"rendered":"https:\/\/seifdesign.ee\/?page_id=2466"},"modified":"2025-12-06T23:39:47","modified_gmt":"2025-12-06T23:39:47","slug":"edasimuujad","status":"publish","type":"page","link":"https:\/\/seifdesign.ee\/en\/edasimuujad\/","title":{"rendered":"Edasim\u00fc\u00fcjad"},"content":{"rendered":"<div data-elementor-type=\"wp-page\" data-elementor-id=\"2466\" class=\"elementor elementor-2466\">\n\t\t\t\t\t\t<section class=\"elementor-section elementor-top-section elementor-element elementor-element-47115a4 elementor-section-boxed elementor-section-height-default elementor-section-height-default\" data-id=\"47115a4\" data-element_type=\"section\">\n\t\t\t\t\t\t<div class=\"elementor-container elementor-column-gap-default\">\n\t\t\t\t\t<div class=\"elementor-column elementor-col-100 elementor-top-column elementor-element elementor-element-fb62677\" data-id=\"fb62677\" data-element_type=\"column\">\n\t\t\t<div class=\"elementor-widget-wrap\">\n\t\t\t\t\t\t\t<\/div>\n\t\t<\/div>\n\t\t\t\t\t<\/div>\n\t\t<\/section>\n\t\t\t\t<section class=\"elementor-section elementor-top-section elementor-element elementor-element-19c0144 elementor-reverse-mobile elementor-section-boxed elementor-section-height-default elementor-section-height-default\" data-id=\"19c0144\" data-element_type=\"section\">\n\t\t\t\t\t\t<div class=\"elementor-container elementor-column-gap-default\">\n\t\t\t\t\t<div class=\"elementor-column elementor-col-33 elementor-top-column elementor-element elementor-element-f6e641f\" data-id=\"f6e641f\" data-element_type=\"column\">\n\t\t\t<div class=\"elementor-widget-wrap elementor-element-populated\">\n\t\t\t\t\t\t<div class=\"elementor-element elementor-element-3511321 elementor-widget elementor-widget-image\" data-id=\"3511321\" data-element_type=\"widget\" data-widget_type=\"image.default\">\n\t\t\t\t<div class=\"elementor-widget-container\">\n\t\t\t\t\t\t\t\t\t\t\t\t\t<img fetchpriority=\"high\" decoding=\"async\" width=\"300\" height=\"216\" src=\"https:\/\/seifdesign.ee\/wp-content\/uploads\/2025\/12\/apollo_logo_scaled-300x216.webp\" class=\"attachment-medium size-medium wp-image-2751\" alt=\"\" srcset=\"https:\/\/seifdesign.ee\/wp-content\/uploads\/2025\/12\/apollo_logo_scaled-300x216.webp 300w, https:\/\/seifdesign.ee\/wp-content\/uploads\/2025\/12\/apollo_logo_scaled-1024x739.webp 1024w, https:\/\/seifdesign.ee\/wp-content\/uploads\/2025\/12\/apollo_logo_scaled-768x554.webp 768w, https:\/\/seifdesign.ee\/wp-content\/uploads\/2025\/12\/apollo_logo_scaled-18x12.webp 18w, https:\/\/seifdesign.ee\/wp-content\/uploads\/2025\/12\/apollo_logo_scaled-1080x779.webp 1080w, https:\/\/seifdesign.ee\/wp-content\/uploads\/2025\/12\/apollo_logo_scaled.webp 1440w\" sizes=\"(max-width: 300px) 100vw, 300px\" \/>\t\t\t\t\t\t\t\t\t\t\t\t\t<\/div>\n\t\t\t\t<\/div>\n\t\t\t\t<div class=\"elementor-element elementor-element-c4ce110 elementor-widget elementor-widget-image\" data-id=\"c4ce110\" data-element_type=\"widget\" data-widget_type=\"image.default\">\n\t\t\t\t<div class=\"elementor-widget-container\">\n\t\t\t\t\t\t\t\t\t\t\t\t\t<img decoding=\"async\" width=\"300\" height=\"137\" src=\"https:\/\/seifdesign.ee\/wp-content\/uploads\/2025\/12\/bepe-logo-transp-300x137_scaled-300x137.png\" class=\"attachment-medium size-medium wp-image-2747\" alt=\"\" srcset=\"https:\/\/seifdesign.ee\/wp-content\/uploads\/2025\/12\/bepe-logo-transp-300x137_scaled-300x137.png 300w, https:\/\/seifdesign.ee\/wp-content\/uploads\/2025\/12\/bepe-logo-transp-300x137_scaled-1024x468.png 1024w, https:\/\/seifdesign.ee\/wp-content\/uploads\/2025\/12\/bepe-logo-transp-300x137_scaled-768x351.png 768w, https:\/\/seifdesign.ee\/wp-content\/uploads\/2025\/12\/bepe-logo-transp-300x137_scaled-18x8.png 18w, https:\/\/seifdesign.ee\/wp-content\/uploads\/2025\/12\/bepe-logo-transp-300x137_scaled-1080x494.png 1080w, https:\/\/seifdesign.ee\/wp-content\/uploads\/2025\/12\/bepe-logo-transp-300x137_scaled.png 1440w\" sizes=\"(max-width: 300px) 100vw, 300px\" \/>\t\t\t\t\t\t\t\t\t\t\t\t\t<\/div>\n\t\t\t\t<\/div>\n\t\t\t\t<div class=\"elementor-element elementor-element-75bd377 elementor-widget elementor-widget-image\" data-id=\"75bd377\" data-element_type=\"widget\" data-widget_type=\"image.default\">\n\t\t\t\t<div class=\"elementor-widget-container\">\n\t\t\t\t\t\t\t\t\t\t\t\t\t<img decoding=\"async\" width=\"300\" height=\"76\" src=\"https:\/\/seifdesign.ee\/wp-content\/uploads\/2025\/12\/logo-1684878131_scaled-300x76.png\" class=\"attachment-medium size-medium wp-image-2746\" alt=\"\" srcset=\"https:\/\/seifdesign.ee\/wp-content\/uploads\/2025\/12\/logo-1684878131_scaled-300x76.png 300w, https:\/\/seifdesign.ee\/wp-content\/uploads\/2025\/12\/logo-1684878131_scaled-1024x259.png 1024w, https:\/\/seifdesign.ee\/wp-content\/uploads\/2025\/12\/logo-1684878131_scaled-768x194.png 768w, https:\/\/seifdesign.ee\/wp-content\/uploads\/2025\/12\/logo-1684878131_scaled-18x5.png 18w, https:\/\/seifdesign.ee\/wp-content\/uploads\/2025\/12\/logo-1684878131_scaled-1080x273.png 1080w, https:\/\/seifdesign.ee\/wp-content\/uploads\/2025\/12\/logo-1684878131_scaled.png 1440w\" sizes=\"(max-width: 300px) 100vw, 300px\" \/>\t\t\t\t\t\t\t\t\t\t\t\t\t<\/div>\n\t\t\t\t<\/div>\n\t\t\t\t<div class=\"elementor-element elementor-element-6fb64f1 e-transform elementor-widget elementor-widget-image\" data-id=\"6fb64f1\" data-element_type=\"widget\" data-settings=\"{&quot;_transform_scale_effect&quot;:{&quot;unit&quot;:&quot;px&quot;,&quot;size&quot;:0.59999999999999997779553950749686919152736663818359375,&quot;sizes&quot;:[]},&quot;_transform_scale_effect_tablet&quot;:{&quot;unit&quot;:&quot;px&quot;,&quot;size&quot;:&quot;&quot;,&quot;sizes&quot;:[]},&quot;_transform_scale_effect_mobile&quot;:{&quot;unit&quot;:&quot;px&quot;,&quot;size&quot;:&quot;&quot;,&quot;sizes&quot;:[]}}\" data-widget_type=\"image.default\">\n\t\t\t\t<div class=\"elementor-widget-container\">\n\t\t\t\t\t\t\t\t\t\t\t\t\t<img loading=\"lazy\" decoding=\"async\" width=\"300\" height=\"282\" src=\"https:\/\/seifdesign.ee\/wp-content\/uploads\/2025\/12\/HOPP_Disain_roheline_medium_scaled-300x282.png\" class=\"attachment-medium size-medium wp-image-2748\" alt=\"\" srcset=\"https:\/\/seifdesign.ee\/wp-content\/uploads\/2025\/12\/HOPP_Disain_roheline_medium_scaled-300x282.png 300w, https:\/\/seifdesign.ee\/wp-content\/uploads\/2025\/12\/HOPP_Disain_roheline_medium_scaled-1024x963.png 1024w, https:\/\/seifdesign.ee\/wp-content\/uploads\/2025\/12\/HOPP_Disain_roheline_medium_scaled-768x722.png 768w, https:\/\/seifdesign.ee\/wp-content\/uploads\/2025\/12\/HOPP_Disain_roheline_medium_scaled-13x12.png 13w, https:\/\/seifdesign.ee\/wp-content\/uploads\/2025\/12\/HOPP_Disain_roheline_medium_scaled-1080x1016.png 1080w, https:\/\/seifdesign.ee\/wp-content\/uploads\/2025\/12\/HOPP_Disain_roheline_medium_scaled.png 1440w\" sizes=\"(max-width: 300px) 100vw, 300px\" \/>\t\t\t\t\t\t\t\t\t\t\t\t\t<\/div>\n\t\t\t\t<\/div>\n\t\t\t\t\t<\/div>\n\t\t<\/div>\n\t\t\t\t<div class=\"elementor-column elementor-col-33 elementor-top-column elementor-element elementor-element-f41dd88\" data-id=\"f41dd88\" data-element_type=\"column\">\n\t\t\t<div class=\"elementor-widget-wrap elementor-element-populated\">\n\t\t\t\t\t\t<div class=\"elementor-element elementor-element-40ed226 e-transform elementor-widget elementor-widget-image\" data-id=\"40ed226\" data-element_type=\"widget\" data-settings=\"{&quot;_transform_scale_effect&quot;:{&quot;unit&quot;:&quot;px&quot;,&quot;size&quot;:1,&quot;sizes&quot;:[]},&quot;_transform_scale_effect_tablet&quot;:{&quot;unit&quot;:&quot;px&quot;,&quot;size&quot;:&quot;&quot;,&quot;sizes&quot;:[]},&quot;_transform_scale_effect_mobile&quot;:{&quot;unit&quot;:&quot;px&quot;,&quot;size&quot;:&quot;&quot;,&quot;sizes&quot;:[]}}\" data-widget_type=\"image.default\">\n\t\t\t\t<div class=\"elementor-widget-container\">\n\t\t\t\t\t\t\t\t\t\t\t\t\t<img loading=\"lazy\" decoding=\"async\" width=\"300\" height=\"112\" src=\"https:\/\/seifdesign.ee\/wp-content\/uploads\/2025\/12\/lEVI-LOGO_scaled-300x112.jpg\" class=\"attachment-medium size-medium wp-image-2749\" alt=\"\" srcset=\"https:\/\/seifdesign.ee\/wp-content\/uploads\/2025\/12\/lEVI-LOGO_scaled-300x112.jpg 300w, https:\/\/seifdesign.ee\/wp-content\/uploads\/2025\/12\/lEVI-LOGO_scaled-1024x383.jpg 1024w, https:\/\/seifdesign.ee\/wp-content\/uploads\/2025\/12\/lEVI-LOGO_scaled-768x287.jpg 768w, https:\/\/seifdesign.ee\/wp-content\/uploads\/2025\/12\/lEVI-LOGO_scaled-18x7.jpg 18w, https:\/\/seifdesign.ee\/wp-content\/uploads\/2025\/12\/lEVI-LOGO_scaled-1080x404.jpg 1080w, https:\/\/seifdesign.ee\/wp-content\/uploads\/2025\/12\/lEVI-LOGO_scaled.jpg 1440w\" sizes=\"(max-width: 300px) 100vw, 300px\" \/>\t\t\t\t\t\t\t\t\t\t\t\t\t<\/div>\n\t\t\t\t<\/div>\n\t\t\t\t<div class=\"elementor-element elementor-element-a916c0a elementor-widget elementor-widget-image\" data-id=\"a916c0a\" data-element_type=\"widget\" data-widget_type=\"image.default\">\n\t\t\t\t<div class=\"elementor-widget-container\">\n\t\t\t\t\t\t\t\t\t\t\t\t\t<img loading=\"lazy\" decoding=\"async\" width=\"300\" height=\"139\" src=\"https:\/\/seifdesign.ee\/wp-content\/uploads\/2025\/12\/Amee-Logo1_scaled-300x139.png\" class=\"attachment-medium size-medium wp-image-2744\" alt=\"\" srcset=\"https:\/\/seifdesign.ee\/wp-content\/uploads\/2025\/12\/Amee-Logo1_scaled-300x139.png 300w, https:\/\/seifdesign.ee\/wp-content\/uploads\/2025\/12\/Amee-Logo1_scaled-1024x474.png 1024w, https:\/\/seifdesign.ee\/wp-content\/uploads\/2025\/12\/Amee-Logo1_scaled-768x356.png 768w, https:\/\/seifdesign.ee\/wp-content\/uploads\/2025\/12\/Amee-Logo1_scaled-18x8.png 18w, https:\/\/seifdesign.ee\/wp-content\/uploads\/2025\/12\/Amee-Logo1_scaled-1080x500.png 1080w, https:\/\/seifdesign.ee\/wp-content\/uploads\/2025\/12\/Amee-Logo1_scaled.png 1440w\" sizes=\"(max-width: 300px) 100vw, 300px\" \/>\t\t\t\t\t\t\t\t\t\t\t\t\t<\/div>\n\t\t\t\t<\/div>\n\t\t\t\t<div class=\"elementor-element elementor-element-df87cb8 elementor-widget elementor-widget-image\" data-id=\"df87cb8\" data-element_type=\"widget\" data-widget_type=\"image.default\">\n\t\t\t\t<div class=\"elementor-widget-container\">\n\t\t\t\t\t\t\t\t\t\t\t\t\t<img loading=\"lazy\" decoding=\"async\" width=\"300\" height=\"56\" src=\"https:\/\/seifdesign.ee\/wp-content\/uploads\/2025\/12\/Eesti_esindus_logo_scaled-300x56.png\" class=\"attachment-medium size-medium wp-image-2750\" alt=\"\" srcset=\"https:\/\/seifdesign.ee\/wp-content\/uploads\/2025\/12\/Eesti_esindus_logo_scaled-300x56.png 300w, https:\/\/seifdesign.ee\/wp-content\/uploads\/2025\/12\/Eesti_esindus_logo_scaled-1024x191.png 1024w, https:\/\/seifdesign.ee\/wp-content\/uploads\/2025\/12\/Eesti_esindus_logo_scaled-768x143.png 768w, https:\/\/seifdesign.ee\/wp-content\/uploads\/2025\/12\/Eesti_esindus_logo_scaled-18x3.png 18w, https:\/\/seifdesign.ee\/wp-content\/uploads\/2025\/12\/Eesti_esindus_logo_scaled-1080x201.png 1080w, https:\/\/seifdesign.ee\/wp-content\/uploads\/2025\/12\/Eesti_esindus_logo_scaled.png 1440w\" sizes=\"(max-width: 300px) 100vw, 300px\" \/>\t\t\t\t\t\t\t\t\t\t\t\t\t<\/div>\n\t\t\t\t<\/div>\n\t\t\t\t<div class=\"elementor-element elementor-element-ba08795 elementor-widget elementor-widget-image\" data-id=\"ba08795\" data-element_type=\"widget\" data-widget_type=\"image.default\">\n\t\t\t\t<div class=\"elementor-widget-container\">\n\t\t\t\t\t\t\t\t\t\t\t\t\t<img loading=\"lazy\" decoding=\"async\" width=\"150\" height=\"150\" src=\"https:\/\/seifdesign.ee\/wp-content\/uploads\/2025\/12\/505867287_122106069272897765_2870377376798814881_n_scaled-150x150.jpg\" class=\"attachment-thumbnail size-thumbnail wp-image-2745\" alt=\"\" srcset=\"https:\/\/seifdesign.ee\/wp-content\/uploads\/2025\/12\/505867287_122106069272897765_2870377376798814881_n_scaled-150x150.jpg 150w, https:\/\/seifdesign.ee\/wp-content\/uploads\/2025\/12\/505867287_122106069272897765_2870377376798814881_n_scaled-300x300.jpg 300w, https:\/\/seifdesign.ee\/wp-content\/uploads\/2025\/12\/505867287_122106069272897765_2870377376798814881_n_scaled-1024x1024.jpg 1024w, https:\/\/seifdesign.ee\/wp-content\/uploads\/2025\/12\/505867287_122106069272897765_2870377376798814881_n_scaled-768x768.jpg 768w, https:\/\/seifdesign.ee\/wp-content\/uploads\/2025\/12\/505867287_122106069272897765_2870377376798814881_n_scaled-12x12.jpg 12w, https:\/\/seifdesign.ee\/wp-content\/uploads\/2025\/12\/505867287_122106069272897765_2870377376798814881_n_scaled-720x720.jpg 720w, https:\/\/seifdesign.ee\/wp-content\/uploads\/2025\/12\/505867287_122106069272897765_2870377376798814881_n_scaled-1080x1080.jpg 1080w, https:\/\/seifdesign.ee\/wp-content\/uploads\/2025\/12\/505867287_122106069272897765_2870377376798814881_n_scaled-100x100.jpg 100w, https:\/\/seifdesign.ee\/wp-content\/uploads\/2025\/12\/505867287_122106069272897765_2870377376798814881_n_scaled.jpg 1440w\" sizes=\"(max-width: 150px) 100vw, 150px\" \/>\t\t\t\t\t\t\t\t\t\t\t\t\t<\/div>\n\t\t\t\t<\/div>\n\t\t\t\t\t<\/div>\n\t\t<\/div>\n\t\t\t\t<div class=\"elementor-column elementor-col-33 elementor-top-column elementor-element elementor-element-0efa91c\" data-id=\"0efa91c\" data-element_type=\"column\">\n\t\t\t<div class=\"elementor-widget-wrap elementor-element-populated\">\n\t\t\t\t\t\t<div class=\"elementor-element elementor-element-a555899 elementor-widget elementor-widget-text-editor\" data-id=\"a555899\" data-element_type=\"widget\" data-widget_type=\"text-editor.default\">\n\t\t\t\t<div class=\"elementor-widget-container\">\n\t\t\t\t\t\t\t<p data-start=\"74\" data-end=\"390\"><span style=\"font-style: inherit; font-weight: inherit; background-color: rgba(79, 47, 47, 0);\">Siit leiad meie ametlikud edasim\u00fc\u00fcjad, kes pakuvad Seif Designi tootevalikut. Meie sortimenti kuuluvad kividisainiga, metallist ja puidust kaarditaskud, naturaalsest puidust valmistatud telefonikaaned ning kividisainiga k\u00f5rvar\u00f5ngad.<\/span><\/p><p data-start=\"499\" data-end=\"697\">Kui soovid meie tooteid oma valikusse lisada ja saada Seif Designi ametlikuks edasim\u00fc\u00fcjaks, <a href=\"http:\/\/seifdesign.ee\/en\/kontakt\/\">v\u00f5ta meiega \u00fchendust<\/a>.<\/p>\t\t\t\t\t\t<\/div>\n\t\t\t\t<\/div>\n\t\t\t\t\t<\/div>\n\t\t<\/div>\n\t\t\t\t\t<\/div>\n\t\t<\/section>\n\t\t\t\t<\/div>","protected":false},"excerpt":{"rendered":"<p>Siit leiad meie ametlikud edasim\u00fc\u00fcjad, kes pakuvad Seif Designi tootevalikut. Meie sortimenti kuuluvad kividisainiga, metallist ja puidust kaarditaskud, naturaalsest puidust valmistatud telefonikaaned ning kividisainiga k\u00f5rvar\u00f5ngad. Kui soovid meie tooteid oma valikusse lisada ja saada Seif Designi ametlikuks edasim\u00fc\u00fcjaks, v\u00f5ta meiega \u00fchendust.<\/p>","protected":false},"author":1,"featured_media":0,"parent":0,"menu_order":0,"comment_status":"closed","ping_status":"closed","template":"","meta":{"_monsterinsights_skip_tracking":false,"_monsterinsights_sitenote_active":false,"_monsterinsights_sitenote_note":"","_monsterinsights_sitenote_category":0,"site-sidebar-layout":"no-sidebar","site-content-layout":"page-builder","ast-site-content-layout":"full-width-container","site-content-style":"unboxed","site-sidebar-style":"unboxed","ast-global-header-display":"","ast-banner-title-visibility":"","ast-main-header-display":"","ast-hfb-above-header-display":"","ast-hfb-below-header-display":"","ast-hfb-mobile-header-display":"","site-post-title":"disabled","ast-breadcrumbs-content":"","ast-featured-img":"disabled","footer-sml-layout":"","ast-disable-related-posts":"","theme-transparent-header-meta":"default","adv-header-id-meta":"","stick-header-meta":"","header-above-stick-meta":"","header-main-stick-meta":"","header-below-stick-meta":"","astra-migrate-meta-layouts":"set","ast-page-background-enabled":"default","ast-page-background-meta":{"desktop":{"background-color":"var(--ast-global-color-4)","background-image":"","background-repeat":"repeat","background-position":"center center","background-size":"auto","background-attachment":"scroll","background-type":"","background-media":"","overlay-type":"","overlay-color":"","overlay-opacity":"","overlay-gradient":""},"tablet":{"background-color":"","background-image":"","background-repeat":"repeat","background-position":"center center","background-size":"auto","background-attachment":"scroll","background-type":"","background-media":"","overlay-type":"","overlay-color":"","overlay-opacity":"","overlay-gradient":""},"mobile":{"background-color":"","background-image":"","background-repeat":"repeat","background-position":"center center","background-size":"auto","background-attachment":"scroll","background-type":"","background-media":"","overlay-type":"","overlay-color":"","overlay-opacity":"","overlay-gradient":""}},"ast-content-background-meta":{"desktop":{"background-color":"var(--ast-global-color-5)","background-image":"","background-repeat":"repeat","background-position":"center center","background-size":"auto","background-attachment":"scroll","background-type":"","background-media":"","overlay-type":"","overlay-color":"","overlay-opacity":"","overlay-gradient":""},"tablet":{"background-color":"var(--ast-global-color-5)","background-image":"","background-repeat":"repeat","background-position":"center center","background-size":"auto","background-attachment":"scroll","background-type":"","background-media":"","overlay-type":"","overlay-color":"","overlay-opacity":"","overlay-gradient":""},"mobile":{"background-color":"var(--ast-global-color-5)","background-image":"","background-repeat":"repeat","background-position":"center center","background-size":"auto","background-attachment":"scroll","background-type":"","background-media":"","overlay-type":"","overlay-color":"","overlay-opacity":"","overlay-gradient":""}},"footnotes":""},"class_list":["post-2466","page","type-page","status-publish","hentry"],"yoast_head":"<!-- This site is optimized with the Yoast SEO Premium plugin v19.1 (Yoast SEO v27.3) - https:\/\/yoast.com\/product\/yoast-seo-premium-wordpress\/ -->\n<title>Edasim\u00fc\u00fcjad - Seif Design<\/title>\n<meta name=\"description\" content=\"Seif Design edasim\u00fc\u00fcjad saavad pakkuda \u00fcle Eesti ainulaadseid k\u00e4sit\u00f6\u00f6na valminud kivi- ja puittooteid, liitu meie kasvava v\u00f5rgustikuga.\" \/>\n<meta name=\"robots\" content=\"index, follow, max-snippet:-1, max-image-preview:large, max-video-preview:-1\" \/>\n<link rel=\"canonical\" href=\"https:\/\/seifdesign.ee\/en\/edasimuujad\/\" \/>\n<meta property=\"og:locale\" content=\"en_GB\" \/>\n<meta property=\"og:type\" content=\"article\" \/>\n<meta property=\"og:title\" content=\"Edasim\u00fc\u00fcjad\" \/>\n<meta property=\"og:description\" content=\"Seif Design edasim\u00fc\u00fcjad saavad pakkuda \u00fcle Eesti ainulaadseid k\u00e4sit\u00f6\u00f6na valminud kivi- ja puittooteid, liitu meie kasvava v\u00f5rgustikuga.\" \/>\n<meta property=\"og:url\" content=\"https:\/\/seifdesign.ee\/en\/edasimuujad\/\" \/>\n<meta property=\"og:site_name\" content=\"Seif Design\" \/>\n<meta property=\"article:publisher\" content=\"https:\/\/www.facebook.com\/seifdesign.ee\" \/>\n<meta property=\"article:modified_time\" content=\"2025-12-06T23:39:47+00:00\" \/>\n<meta property=\"og:image\" content=\"https:\/\/seifdesign.ee\/wp-content\/uploads\/2025\/12\/apollo_logo_scaled-300x216.webp\" \/>\n<meta name=\"twitter:card\" content=\"summary_large_image\" \/>\n<meta name=\"twitter:label1\" content=\"Estimated reading time\" \/>\n\t<meta name=\"twitter:data1\" content=\"2 minutes\" \/>\n<script type=\"application\/ld+json\" class=\"yoast-schema-graph\">{\"@context\":\"https:\\\/\\\/schema.org\",\"@graph\":[{\"@type\":\"WebPage\",\"@id\":\"https:\\\/\\\/seifdesign.ee\\\/edasimuujad\\\/\",\"url\":\"https:\\\/\\\/seifdesign.ee\\\/edasimuujad\\\/\",\"name\":\"Edasim\u00fc\u00fcjad - Seif Design\",\"isPartOf\":{\"@id\":\"https:\\\/\\\/seifdesign.ee\\\/#website\"},\"primaryImageOfPage\":{\"@id\":\"https:\\\/\\\/seifdesign.ee\\\/edasimuujad\\\/#primaryimage\"},\"image\":{\"@id\":\"https:\\\/\\\/seifdesign.ee\\\/edasimuujad\\\/#primaryimage\"},\"thumbnailUrl\":\"https:\\\/\\\/seifdesign.ee\\\/wp-content\\\/uploads\\\/2025\\\/12\\\/apollo_logo_scaled-300x216.webp\",\"datePublished\":\"2025-12-06T21:02:10+00:00\",\"dateModified\":\"2025-12-06T23:39:47+00:00\",\"description\":\"Seif Design edasim\u00fc\u00fcjad saavad pakkuda \u00fcle Eesti ainulaadseid k\u00e4sit\u00f6\u00f6na valminud kivi- ja puittooteid, liitu meie kasvava v\u00f5rgustikuga.\",\"breadcrumb\":{\"@id\":\"https:\\\/\\\/seifdesign.ee\\\/edasimuujad\\\/#breadcrumb\"},\"inLanguage\":\"en-GB\",\"potentialAction\":[{\"@type\":\"ReadAction\",\"target\":[\"https:\\\/\\\/seifdesign.ee\\\/edasimuujad\\\/\"]}]},{\"@type\":\"ImageObject\",\"inLanguage\":\"en-GB\",\"@id\":\"https:\\\/\\\/seifdesign.ee\\\/edasimuujad\\\/#primaryimage\",\"url\":\"https:\\\/\\\/seifdesign.ee\\\/wp-content\\\/uploads\\\/2025\\\/12\\\/apollo_logo_scaled-300x216.webp\",\"contentUrl\":\"https:\\\/\\\/seifdesign.ee\\\/wp-content\\\/uploads\\\/2025\\\/12\\\/apollo_logo_scaled-300x216.webp\"},{\"@type\":\"BreadcrumbList\",\"@id\":\"https:\\\/\\\/seifdesign.ee\\\/edasimuujad\\\/#breadcrumb\",\"itemListElement\":[{\"@type\":\"ListItem\",\"position\":1,\"name\":\"Home\",\"item\":\"https:\\\/\\\/seifdesign.ee\\\/\"},{\"@type\":\"ListItem\",\"position\":2,\"name\":\"Edasim\u00fc\u00fcjad\"}]},{\"@type\":\"WebSite\",\"@id\":\"https:\\\/\\\/seifdesign.ee\\\/#website\",\"url\":\"https:\\\/\\\/seifdesign.ee\\\/\",\"name\":\"Seif Design\",\"description\":\"Seif Design kivist kaarditaskud\",\"publisher\":{\"@id\":\"https:\\\/\\\/seifdesign.ee\\\/#organization\"},\"potentialAction\":[{\"@type\":\"SearchAction\",\"target\":{\"@type\":\"EntryPoint\",\"urlTemplate\":\"https:\\\/\\\/seifdesign.ee\\\/?s={search_term_string}\"},\"query-input\":{\"@type\":\"PropertyValueSpecification\",\"valueRequired\":true,\"valueName\":\"search_term_string\"}}],\"inLanguage\":\"en-GB\"},{\"@type\":\"Organization\",\"@id\":\"https:\\\/\\\/seifdesign.ee\\\/#organization\",\"name\":\"Seif Design\",\"url\":\"https:\\\/\\\/seifdesign.ee\\\/\",\"logo\":{\"@type\":\"ImageObject\",\"inLanguage\":\"en-GB\",\"@id\":\"https:\\\/\\\/seifdesign.ee\\\/#\\\/schema\\\/logo\\\/image\\\/\",\"url\":\"https:\\\/\\\/seifdesign.ee\\\/wp-content\\\/uploads\\\/2024\\\/05\\\/cropped-Seif_Logo-2.png\",\"contentUrl\":\"https:\\\/\\\/seifdesign.ee\\\/wp-content\\\/uploads\\\/2024\\\/05\\\/cropped-Seif_Logo-2.png\",\"width\":789,\"height\":571,\"caption\":\"Seif Design\"},\"image\":{\"@id\":\"https:\\\/\\\/seifdesign.ee\\\/#\\\/schema\\\/logo\\\/image\\\/\"},\"sameAs\":[\"https:\\\/\\\/www.facebook.com\\\/seifdesign.ee\",\"https:\\\/\\\/www.instagram.com\\\/seifdesign.ee\\\/\"]}]}<\/script>\n<!-- \/ Yoast SEO Premium plugin. -->","yoast_head_json":{"title":"Edasim\u00fc\u00fcjad - Seif Design","description":"Seif Design edasim\u00fc\u00fcjad saavad pakkuda \u00fcle Eesti ainulaadseid k\u00e4sit\u00f6\u00f6na valminud kivi- ja puittooteid, liitu meie kasvava v\u00f5rgustikuga.","robots":{"index":"index","follow":"follow","max-snippet":"max-snippet:-1","max-image-preview":"max-image-preview:large","max-video-preview":"max-video-preview:-1"},"canonical":"https:\/\/seifdesign.ee\/en\/edasimuujad\/","og_locale":"en_GB","og_type":"article","og_title":"Edasim\u00fc\u00fcjad","og_description":"Seif Design edasim\u00fc\u00fcjad saavad pakkuda \u00fcle Eesti ainulaadseid k\u00e4sit\u00f6\u00f6na valminud kivi- ja puittooteid, liitu meie kasvava v\u00f5rgustikuga.","og_url":"https:\/\/seifdesign.ee\/en\/edasimuujad\/","og_site_name":"Seif Design","article_publisher":"https:\/\/www.facebook.com\/seifdesign.ee","article_modified_time":"2025-12-06T23:39:47+00:00","og_image":[{"url":"https:\/\/seifdesign.ee\/wp-content\/uploads\/2025\/12\/apollo_logo_scaled-300x216.webp","type":"","width":"","height":""}],"twitter_card":"summary_large_image","twitter_misc":{"Estimated reading time":"2 minutes"},"schema":{"@context":"https:\/\/schema.org","@graph":[{"@type":"WebPage","@id":"https:\/\/seifdesign.ee\/edasimuujad\/","url":"https:\/\/seifdesign.ee\/edasimuujad\/","name":"Edasim\u00fc\u00fcjad - Seif Design","isPartOf":{"@id":"https:\/\/seifdesign.ee\/#website"},"primaryImageOfPage":{"@id":"https:\/\/seifdesign.ee\/edasimuujad\/#primaryimage"},"image":{"@id":"https:\/\/seifdesign.ee\/edasimuujad\/#primaryimage"},"thumbnailUrl":"https:\/\/seifdesign.ee\/wp-content\/uploads\/2025\/12\/apollo_logo_scaled-300x216.webp","datePublished":"2025-12-06T21:02:10+00:00","dateModified":"2025-12-06T23:39:47+00:00","description":"Seif Design edasim\u00fc\u00fcjad saavad pakkuda \u00fcle Eesti ainulaadseid k\u00e4sit\u00f6\u00f6na valminud kivi- ja puittooteid, liitu meie kasvava v\u00f5rgustikuga.","breadcrumb":{"@id":"https:\/\/seifdesign.ee\/edasimuujad\/#breadcrumb"},"inLanguage":"en-GB","potentialAction":[{"@type":"ReadAction","target":["https:\/\/seifdesign.ee\/edasimuujad\/"]}]},{"@type":"ImageObject","inLanguage":"en-GB","@id":"https:\/\/seifdesign.ee\/edasimuujad\/#primaryimage","url":"https:\/\/seifdesign.ee\/wp-content\/uploads\/2025\/12\/apollo_logo_scaled-300x216.webp","contentUrl":"https:\/\/seifdesign.ee\/wp-content\/uploads\/2025\/12\/apollo_logo_scaled-300x216.webp"},{"@type":"BreadcrumbList","@id":"https:\/\/seifdesign.ee\/edasimuujad\/#breadcrumb","itemListElement":[{"@type":"ListItem","position":1,"name":"Home","item":"https:\/\/seifdesign.ee\/"},{"@type":"ListItem","position":2,"name":"Edasim\u00fc\u00fcjad"}]},{"@type":"WebSite","@id":"https:\/\/seifdesign.ee\/#website","url":"https:\/\/seifdesign.ee\/","name":"Seif Design","description":"Seif Design kivist kaarditaskud","publisher":{"@id":"https:\/\/seifdesign.ee\/#organization"},"potentialAction":[{"@type":"SearchAction","target":{"@type":"EntryPoint","urlTemplate":"https:\/\/seifdesign.ee\/?s={search_term_string}"},"query-input":{"@type":"PropertyValueSpecification","valueRequired":true,"valueName":"search_term_string"}}],"inLanguage":"en-GB"},{"@type":"Organization","@id":"https:\/\/seifdesign.ee\/#organization","name":"Seif Design","url":"https:\/\/seifdesign.ee\/","logo":{"@type":"ImageObject","inLanguage":"en-GB","@id":"https:\/\/seifdesign.ee\/#\/schema\/logo\/image\/","url":"https:\/\/seifdesign.ee\/wp-content\/uploads\/2024\/05\/cropped-Seif_Logo-2.png","contentUrl":"https:\/\/seifdesign.ee\/wp-content\/uploads\/2024\/05\/cropped-Seif_Logo-2.png","width":789,"height":571,"caption":"Seif Design"},"image":{"@id":"https:\/\/seifdesign.ee\/#\/schema\/logo\/image\/"},"sameAs":["https:\/\/www.facebook.com\/seifdesign.ee","https:\/\/www.instagram.com\/seifdesign.ee\/"]}]}},"jetpack_sharing_enabled":true,"_links":{"self":[{"href":"https:\/\/seifdesign.ee\/en\/wp-json\/wp\/v2\/pages\/2466","targetHints":{"allow":["GET"]}}],"collection":[{"href":"https:\/\/seifdesign.ee\/en\/wp-json\/wp\/v2\/pages"}],"about":[{"href":"https:\/\/seifdesign.ee\/en\/wp-json\/wp\/v2\/types\/page"}],"author":[{"embeddable":true,"href":"https:\/\/seifdesign.ee\/en\/wp-json\/wp\/v2\/users\/1"}],"replies":[{"embeddable":true,"href":"https:\/\/seifdesign.ee\/en\/wp-json\/wp\/v2\/comments?post=2466"}],"version-history":[{"count":5,"href":"https:\/\/seifdesign.ee\/en\/wp-json\/wp\/v2\/pages\/2466\/revisions"}],"predecessor-version":[{"id":2839,"href":"https:\/\/seifdesign.ee\/en\/wp-json\/wp\/v2\/pages\/2466\/revisions\/2839"}],"wp:attachment":[{"href":"https:\/\/seifdesign.ee\/en\/wp-json\/wp\/v2\/media?parent=2466"}],"curies":[{"name":"wp","href":"https:\/\/api.w.org\/{rel}","templated":true}]}}